{"id":1235,"date":"2021-05-05T18:45:40","date_gmt":"2021-05-05T18:45:40","guid":{"rendered":"http:\/\/dongo-motor-alkatresz.hu\/?page_id=1235"},"modified":"2024-03-27T06:57:15","modified_gmt":"2024-03-27T06:57:15","slug":"kuplung-2","status":"publish","type":"page","link":"https:\/\/dongo-motor-alkatresz.hu\/?page_id=1235","title":{"rendered":"Kuplung"},"content":{"rendered":"\r\n<h2 class=\"wp-block-heading\">\u00a0<\/h2>\r\n\r\n\r\n\r\n<h2 class=\"wp-block-heading\"><strong>Dong\u00f3 motor<\/strong> kuplung egys\u00e9g 10500 ft<\/h2>\r\n<p>&nbsp;<\/p>\r\n<p>Jelenleg nincs rakt\u00e1ron<\/p>\r\n\r\n\r\n\r\n<figure class=\"wp-block-image size-large\"><img loading=\"lazy\" decoding=\"async\" width=\"666\" height=\"666\" class=\"wp-image-1245\" src=\"http:\/\/dongo-motor-alkatresz.hu\/wp-content\/uploads\/2021\/05\/709284199_o.jpg\" alt=\"\" srcset=\"https:\/\/dongo-motor-alkatresz.hu\/wp-content\/uploads\/2021\/05\/709284199_o.jpg 666w, https:\/\/dongo-motor-alkatresz.hu\/wp-content\/uploads\/2021\/05\/709284199_o-150x150.jpg 150w\" sizes=\"auto, (max-width: 666px) 100vw, 666px\" \/><\/figure>\r\n\r\n\r\n\r\n<h2 class=\"wp-block-heading\"><strong>Dong\u00f3 motor kuplung\u00a0<\/strong> nagy fogasker\u00e9k 3300 ft<\/h2>\r\n<p>Jelenleg nincs rakt\u00e1ron<\/p>\r\n\r\n\r\n\r\n<figure class=\"wp-block-image size-large\"><img loading=\"lazy\" decoding=\"async\" width=\"1100\" height=\"1100\" class=\"wp-image-969\" src=\"http:\/\/dongo-motor-alkatresz.hu\/wp-content\/uploads\/2020\/03\/kuplung-nagy-fogasker\u00e9k.jpg\" alt=\"\" srcset=\"https:\/\/dongo-motor-alkatresz.hu\/wp-content\/uploads\/2020\/03\/kuplung-nagy-fogasker\u00e9k.jpg 1100w, https:\/\/dongo-motor-alkatresz.hu\/wp-content\/uploads\/2020\/03\/kuplung-nagy-fogasker\u00e9k-200x200.jpg 200w, https:\/\/dongo-motor-alkatresz.hu\/wp-content\/uploads\/2020\/03\/kuplung-nagy-fogasker\u00e9k-100x100.jpg 100w, https:\/\/dongo-motor-alkatresz.hu\/wp-content\/uploads\/2020\/03\/kuplung-nagy-fogasker\u00e9k-350x350.jpg 350w, https:\/\/dongo-motor-alkatresz.hu\/wp-content\/uploads\/2020\/03\/kuplung-nagy-fogasker\u00e9k-150x150.jpg 150w, https:\/\/dongo-motor-alkatresz.hu\/wp-content\/uploads\/2020\/03\/kuplung-nagy-fogasker\u00e9k-768x768.jpg 768w\" sizes=\"auto, (max-width: 1100px) 100vw, 1100px\" \/><\/figure>\r\n\r\n\r\n\r\n<h2 class=\"wp-block-heading\"><strong>Dong\u00f3 motor kuplung\u00a0<\/strong>kis fogasker\u00e9k 2200ft<\/h2>\r\n\r\n\r\n\r\n<figure class=\"wp-block-image size-large\"><img loading=\"lazy\" decoding=\"async\" width=\"1024\" height=\"1024\" class=\"wp-image-958\" src=\"http:\/\/dongo-motor-alkatresz.hu\/wp-content\/uploads\/2020\/03\/kuplung-bovden-m.jpg\" alt=\"\" srcset=\"https:\/\/dongo-motor-alkatresz.hu\/wp-content\/uploads\/2020\/03\/kuplung-bovden-m.jpg 1024w, https:\/\/dongo-motor-alkatresz.hu\/wp-content\/uploads\/2020\/03\/kuplung-bovden-m-200x200.jpg 200w, https:\/\/dongo-motor-alkatresz.hu\/wp-content\/uploads\/2020\/03\/kuplung-bovden-m-100x100.jpg 100w, https:\/\/dongo-motor-alkatresz.hu\/wp-content\/uploads\/2020\/03\/kuplung-bovden-m-350x350.jpg 350w, https:\/\/dongo-motor-alkatresz.hu\/wp-content\/uploads\/2020\/03\/kuplung-bovden-m-150x150.jpg 150w, https:\/\/dongo-motor-alkatresz.hu\/wp-content\/uploads\/2020\/03\/kuplung-bovden-m-768x768.jpg 768w\" sizes=\"auto, (max-width: 1024px) 100vw, 1024px\" \/><\/figure>\r\n\r\n\r\n\r\n<h2 class=\"wp-block-heading\"><strong>Dong\u00f3 motor kuplung tengely 5400<\/strong> ft<\/h2>\r\n\r\n\r\n\r\n<figure class=\"wp-block-image size-large\"><img loading=\"lazy\" decoding=\"async\" width=\"1300\" height=\"1300\" class=\"wp-image-1265\" src=\"http:\/\/dongo-motor-alkatresz.hu\/wp-content\/uploads\/2021\/05\/kuplung-tengelby-1.jpg\" alt=\"\" srcset=\"https:\/\/dongo-motor-alkatresz.hu\/wp-content\/uploads\/2021\/05\/kuplung-tengelby-1.jpg 1300w, https:\/\/dongo-motor-alkatresz.hu\/wp-content\/uploads\/2021\/05\/kuplung-tengelby-1-150x150.jpg 150w, https:\/\/dongo-motor-alkatresz.hu\/wp-content\/uploads\/2021\/05\/kuplung-tengelby-1-768x768.jpg 768w\" sizes=\"auto, (max-width: 1300px) 100vw, 1300px\" \/><\/figure>\r\n\r\n\r\n\r\n<h2 class=\"wp-block-heading\">Dong\u00f3 motor kuplung bet\u00e9tek 2200 ft<\/h2>\r\n\r\n\r\n\r\n<figure class=\"wp-block-image size-large\"><img loading=\"lazy\" decoding=\"async\" width=\"1300\" height=\"1300\" class=\"wp-image-967\" src=\"http:\/\/dongo-motor-alkatresz.hu\/wp-content\/uploads\/2020\/03\/kuplung-bet\u00e9tek-4.jpg\" alt=\"\" srcset=\"https:\/\/dongo-motor-alkatresz.hu\/wp-content\/uploads\/2020\/03\/kuplung-bet\u00e9tek-4.jpg 1300w, https:\/\/dongo-motor-alkatresz.hu\/wp-content\/uploads\/2020\/03\/kuplung-bet\u00e9tek-4-200x200.jpg 200w, https:\/\/dongo-motor-alkatresz.hu\/wp-content\/uploads\/2020\/03\/kuplung-bet\u00e9tek-4-100x100.jpg 100w, https:\/\/dongo-motor-alkatresz.hu\/wp-content\/uploads\/2020\/03\/kuplung-bet\u00e9tek-4-350x350.jpg 350w, https:\/\/dongo-motor-alkatresz.hu\/wp-content\/uploads\/2020\/03\/kuplung-bet\u00e9tek-4-150x150.jpg 150w, https:\/\/dongo-motor-alkatresz.hu\/wp-content\/uploads\/2020\/03\/kuplung-bet\u00e9tek-4-768x768.jpg 768w\" sizes=\"auto, (max-width: 1300px) 100vw, 1300px\" \/><\/figure>\r\n\r\n\r\n\r\n<h2 class=\"wp-block-heading\"><strong>Dong\u00f3 motor kuplung<\/strong>\u00a0kar 2500 ft<\/h2>\r\n\r\n\r\n\r\n\r\n\r\n<figure class=\"wp-block-image size-large\"><img loading=\"lazy\" decoding=\"async\" width=\"1300\" height=\"1300\" class=\"wp-image-974\" src=\"http:\/\/dongo-motor-alkatresz.hu\/wp-content\/uploads\/2020\/03\/kuplung-kar-2..jpg\" alt=\"\" srcset=\"https:\/\/dongo-motor-alkatresz.hu\/wp-content\/uploads\/2020\/03\/kuplung-kar-2..jpg 1300w, https:\/\/dongo-motor-alkatresz.hu\/wp-content\/uploads\/2020\/03\/kuplung-kar-2.-200x200.jpg 200w, https:\/\/dongo-motor-alkatresz.hu\/wp-content\/uploads\/2020\/03\/kuplung-kar-2.-100x100.jpg 100w, https:\/\/dongo-motor-alkatresz.hu\/wp-content\/uploads\/2020\/03\/kuplung-kar-2.-350x350.jpg 350w, https:\/\/dongo-motor-alkatresz.hu\/wp-content\/uploads\/2020\/03\/kuplung-kar-2.-150x150.jpg 150w, https:\/\/dongo-motor-alkatresz.hu\/wp-content\/uploads\/2020\/03\/kuplung-kar-2.-768x768.jpg 768w\" sizes=\"auto, (max-width: 1300px) 100vw, 1300px\" \/><\/figure>\r\n\r\n\r\n\r\n<h2 class=\"wp-block-heading\">\u00a0<\/h2>\r\n\r\n\r\n\r\n<h2 class=\"wp-block-heading\">\u00a0<\/h2>\r\n\r\n\r\n\r\n\r\n\r\n<h2 class=\"wp-block-heading\">Dong\u00f3 motor kuplung \u00e9s g\u00e1z bovden 3000 ft<\/h2>\r\n\r\n\r\n\r\n<figure class=\"wp-block-image size-large\"><img loading=\"lazy\" decoding=\"async\" width=\"1300\" height=\"1300\" class=\"wp-image-1091\" src=\"http:\/\/dongo-motor-alkatresz.hu\/wp-content\/uploads\/2020\/03\/bovden-1.jpg\" alt=\"\" srcset=\"https:\/\/dongo-motor-alkatresz.hu\/wp-content\/uploads\/2020\/03\/bovden-1.jpg 1300w, https:\/\/dongo-motor-alkatresz.hu\/wp-content\/uploads\/2020\/03\/bovden-1-150x150.jpg 150w, https:\/\/dongo-motor-alkatresz.hu\/wp-content\/uploads\/2020\/03\/bovden-1-768x768.jpg 768w\" sizes=\"auto, (max-width: 1300px) 100vw, 1300px\" \/><\/figure>\r\n\r\n\r\n\r\n<h2 class=\"wp-block-heading\">Dong\u00f3 motor kuplung \u00e9s g\u00e1zkar szett\u00a0 <strong>ft<\/strong><\/h2>\r\n\r\n\r\n\r\n<figure class=\"wp-block-image size-large\"><img loading=\"lazy\" decoding=\"async\" width=\"1300\" height=\"1300\" class=\"wp-image-1338\" src=\"http:\/\/dongo-motor-alkatresz.hu\/wp-content\/uploads\/2021\/05\/gk-szett.jpg\" alt=\"\" srcset=\"https:\/\/dongo-motor-alkatresz.hu\/wp-content\/uploads\/2021\/05\/gk-szett.jpg 1300w, https:\/\/dongo-motor-alkatresz.hu\/wp-content\/uploads\/2021\/05\/gk-szett-150x150.jpg 150w, https:\/\/dongo-motor-alkatresz.hu\/wp-content\/uploads\/2021\/05\/gk-szett-768x768.jpg 768w\" sizes=\"auto, (max-width: 1300px) 100vw, 1300px\" \/><\/figure>\r\n\r\n\r\n\r\n<h2 class=\"wp-block-heading\">Dong\u00f3 motor kuplung t\u00fcske-goly\u00f3 1500 ft<\/h2>\r\n\r\n\r\n\r\n<figure class=\"wp-block-image size-large\"><img loading=\"lazy\" decoding=\"async\" width=\"1300\" height=\"1300\" class=\"wp-image-919\" src=\"http:\/\/dongo-motor-alkatresz.hu\/wp-content\/uploads\/2020\/03\/t\u00fcske-goly\u00f3.jpg\" alt=\"\" srcset=\"https:\/\/dongo-motor-alkatresz.hu\/wp-content\/uploads\/2020\/03\/t\u00fcske-goly\u00f3.jpg 1300w, https:\/\/dongo-motor-alkatresz.hu\/wp-content\/uploads\/2020\/03\/t\u00fcske-goly\u00f3-200x200.jpg 200w, https:\/\/dongo-motor-alkatresz.hu\/wp-content\/uploads\/2020\/03\/t\u00fcske-goly\u00f3-100x100.jpg 100w, https:\/\/dongo-motor-alkatresz.hu\/wp-content\/uploads\/2020\/03\/t\u00fcske-goly\u00f3-350x350.jpg 350w, https:\/\/dongo-motor-alkatresz.hu\/wp-content\/uploads\/2020\/03\/t\u00fcske-goly\u00f3-150x150.jpg 150w, https:\/\/dongo-motor-alkatresz.hu\/wp-content\/uploads\/2020\/03\/t\u00fcske-goly\u00f3-768x768.jpg 768w\" sizes=\"auto, (max-width: 1300px) 100vw, 1300px\" \/><\/figure>\r\n\r\n\r\n\r\n<h2 class=\"wp-block-heading\">Dong\u00f3 motor kuplung kiemel\u0151 2200\u00a0 ft<\/h2>\r\n\r\n\r\n\r\n<figure class=\"wp-block-image size-large\"><img loading=\"lazy\" decoding=\"async\" width=\"1295\" height=\"878\" class=\"wp-image-1126\" src=\"http:\/\/dongo-motor-alkatresz.hu\/wp-content\/uploads\/2020\/03\/kiemel\u0151-hirdet\u00e9s-1.jpg\" alt=\"\" srcset=\"https:\/\/dongo-motor-alkatresz.hu\/wp-content\/uploads\/2020\/03\/kiemel\u0151-hirdet\u00e9s-1.jpg 1295w, https:\/\/dongo-motor-alkatresz.hu\/wp-content\/uploads\/2020\/03\/kiemel\u0151-hirdet\u00e9s-1-768x521.jpg 768w\" sizes=\"auto, (max-width: 1295px) 100vw, 1295px\" \/><\/figure>\r\n\r\n\r\n\r\n<h2 class=\"wp-block-heading\">Dong\u00f3 motor kuplung goly\u00f3s kos\u00e1r 4000 ft<\/h2>\r\n\r\n\r\n\r\n<figure class=\"wp-block-image size-large\"><img loading=\"lazy\" decoding=\"async\" width=\"500\" height=\"500\" class=\"wp-image-955\" src=\"http:\/\/dongo-motor-alkatresz.hu\/wp-content\/uploads\/2020\/03\/goly\u00f3s-kos\u00e1r.jpg\" alt=\"\" srcset=\"https:\/\/dongo-motor-alkatresz.hu\/wp-content\/uploads\/2020\/03\/goly\u00f3s-kos\u00e1r.jpg 500w, https:\/\/dongo-motor-alkatresz.hu\/wp-content\/uploads\/2020\/03\/goly\u00f3s-kos\u00e1r-200x200.jpg 200w, https:\/\/dongo-motor-alkatresz.hu\/wp-content\/uploads\/2020\/03\/goly\u00f3s-kos\u00e1r-100x100.jpg 100w, https:\/\/dongo-motor-alkatresz.hu\/wp-content\/uploads\/2020\/03\/goly\u00f3s-kos\u00e1r-350x350.jpg 350w, https:\/\/dongo-motor-alkatresz.hu\/wp-content\/uploads\/2020\/03\/goly\u00f3s-kos\u00e1r-150x150.jpg 150w\" sizes=\"auto, (max-width: 500px) 100vw, 500px\" \/><\/figure>\r\n\r\n\r\n\r\n<h2 class=\"wp-block-heading\">Dong\u00f3 motor kuplung r\u00f3zsaanya 1000 ft<\/h2>\r\n\r\n\r\n\r\n<figure class=\"wp-block-image size-large\"><img loading=\"lazy\" decoding=\"async\" width=\"1024\" height=\"1024\" class=\"wp-image-972\" src=\"http:\/\/dongo-motor-alkatresz.hu\/wp-content\/uploads\/2020\/03\/r\u00f3zsaanya.jpeg\" alt=\"\" srcset=\"https:\/\/dongo-motor-alkatresz.hu\/wp-content\/uploads\/2020\/03\/r\u00f3zsaanya.jpeg 1024w, https:\/\/dongo-motor-alkatresz.hu\/wp-content\/uploads\/2020\/03\/r\u00f3zsaanya-200x200.jpeg 200w, https:\/\/dongo-motor-alkatresz.hu\/wp-content\/uploads\/2020\/03\/r\u00f3zsaanya-100x100.jpeg 100w, https:\/\/dongo-motor-alkatresz.hu\/wp-content\/uploads\/2020\/03\/r\u00f3zsaanya-350x350.jpeg 350w, https:\/\/dongo-motor-alkatresz.hu\/wp-content\/uploads\/2020\/03\/r\u00f3zsaanya-150x150.jpeg 150w, https:\/\/dongo-motor-alkatresz.hu\/wp-content\/uploads\/2020\/03\/r\u00f3zsaanya-768x768.jpeg 768w\" sizes=\"auto, (max-width: 1024px) 100vw, 1024px\" \/><\/figure>\r\n\r\n\r\n\r\n<h2 class=\"wp-block-heading\">Dong\u00f3 motor kuplung dekli 2400 ft<\/h2>\r\n\r\n\r\n\r\n<figure class=\"wp-block-image size-large\"><img loading=\"lazy\" decoding=\"async\" width=\"1000\" height=\"1000\" class=\"wp-image-1122\" src=\"http:\/\/dongo-motor-alkatresz.hu\/wp-content\/uploads\/2020\/03\/47792289_1dekkli-1.jpg\" alt=\"\" srcset=\"https:\/\/dongo-motor-alkatresz.hu\/wp-content\/uploads\/2020\/03\/47792289_1dekkli-1.jpg 1000w, https:\/\/dongo-motor-alkatresz.hu\/wp-content\/uploads\/2020\/03\/47792289_1dekkli-1-150x150.jpg 150w, https:\/\/dongo-motor-alkatresz.hu\/wp-content\/uploads\/2020\/03\/47792289_1dekkli-1-768x768.jpg 768w\" sizes=\"auto, (max-width: 1000px) 100vw, 1000px\" \/><\/figure>\r\n\r\n\r\n\r\n<h2 class=\"wp-block-heading\">Dong\u00f3 motor kuplung t\u00e1ny\u00e9r 2700 ft<\/h2>\r\n\r\n\r\n\r\n<p>&nbsp;<\/p>\r\n\r\n\r\n\r\n<figure class=\"wp-block-image size-large\"><img loading=\"lazy\" decoding=\"async\" width=\"1001\" height=\"1001\" class=\"wp-image-971\" src=\"http:\/\/dongo-motor-alkatresz.hu\/wp-content\/uploads\/2020\/03\/kuplung-t\u00e1ny\u00e9r.jpeg\" alt=\"\" srcset=\"https:\/\/dongo-motor-alkatresz.hu\/wp-content\/uploads\/2020\/03\/kuplung-t\u00e1ny\u00e9r.jpeg 1001w, https:\/\/dongo-motor-alkatresz.hu\/wp-content\/uploads\/2020\/03\/kuplung-t\u00e1ny\u00e9r-200x200.jpeg 200w, https:\/\/dongo-motor-alkatresz.hu\/wp-content\/uploads\/2020\/03\/kuplung-t\u00e1ny\u00e9r-100x100.jpeg 100w, https:\/\/dongo-motor-alkatresz.hu\/wp-content\/uploads\/2020\/03\/kuplung-t\u00e1ny\u00e9r-350x350.jpeg 350w, https:\/\/dongo-motor-alkatresz.hu\/wp-content\/uploads\/2020\/03\/kuplung-t\u00e1ny\u00e9r-150x150.jpeg 150w, https:\/\/dongo-motor-alkatresz.hu\/wp-content\/uploads\/2020\/03\/kuplung-t\u00e1ny\u00e9r-768x768.jpeg 768w\" sizes=\"auto, (max-width: 1001px) 100vw, 1001px\" \/><\/figure>\r\n\r\n\r\n\r\n<h2 class=\"wp-block-heading\">Dong\u00f3 motor markolat + g\u00e1z bovden 3500 ft<\/h2>\r\n\r\n\r\n\r\n<figure class=\"wp-block-image size-large\"><img loading=\"lazy\" decoding=\"async\" width=\"1600\" height=\"1600\" class=\"wp-image-1110\" src=\"http:\/\/dongo-motor-alkatresz.hu\/wp-content\/uploads\/2020\/03\/markolat-bovdeeen-2.jpg\" alt=\"\" srcset=\"https:\/\/dongo-motor-alkatresz.hu\/wp-content\/uploads\/2020\/03\/markolat-bovdeeen-2.jpg 1600w, https:\/\/dongo-motor-alkatresz.hu\/wp-content\/uploads\/2020\/03\/markolat-bovdeeen-2-150x150.jpg 150w, https:\/\/dongo-motor-alkatresz.hu\/wp-content\/uploads\/2020\/03\/markolat-bovdeeen-2-768x768.jpg 768w, https:\/\/dongo-motor-alkatresz.hu\/wp-content\/uploads\/2020\/03\/markolat-bovdeeen-2-1536x1536.jpg 1536w\" sizes=\"auto, (max-width: 1600px) 100vw, 1600px\" \/><\/figure>\r\n\r\n\r\n\r\n<h2 class=\"wp-block-heading\"><strong>Dong\u00f3 motor g\u00e1z markolat\u00a0\u00a0\u00a0\u00a01500\u00a0ft<\/strong><\/h2>\r\n\r\n\r\n\r\n<figure class=\"wp-block-image size-large\"><img loading=\"lazy\" decoding=\"async\" width=\"1200\" height=\"1200\" class=\"wp-image-954\" src=\"http:\/\/dongo-motor-alkatresz.hu\/wp-content\/uploads\/2020\/03\/markolat.jpg\" alt=\"\" srcset=\"https:\/\/dongo-motor-alkatresz.hu\/wp-content\/uploads\/2020\/03\/markolat.jpg 1200w, https:\/\/dongo-motor-alkatresz.hu\/wp-content\/uploads\/2020\/03\/markolat-200x200.jpg 200w, https:\/\/dongo-motor-alkatresz.hu\/wp-content\/uploads\/2020\/03\/markolat-100x100.jpg 100w, https:\/\/dongo-motor-alkatresz.hu\/wp-content\/uploads\/2020\/03\/markolat-350x350.jpg 350w, https:\/\/dongo-motor-alkatresz.hu\/wp-content\/uploads\/2020\/03\/markolat-150x150.jpg 150w, https:\/\/dongo-motor-alkatresz.hu\/wp-content\/uploads\/2020\/03\/markolat-768x768.jpg 768w\" sizes=\"auto, (max-width: 1200px) 100vw, 1200px\" \/><\/figure>\r\n","protected":false},"excerpt":{"rendered":"<p>\u00a0 Dong\u00f3 motor kuplung egys\u00e9g 10500 ft &nbsp; Jelenleg nincs rakt\u00e1ron Dong\u00f3 motor kuplung\u00a0 nagy fogasker\u00e9k 3300 ft Jelenleg nincs rakt\u00e1ron Dong\u00f3 motor kuplung\u00a0kis fogasker\u00e9k 2200ft Dong\u00f3 motor kuplung tengely 5400 ft Dong\u00f3 motor kuplung bet\u00e9tek 2200 ft Dong\u00f3 motor kuplung\u00a0kar 2500 ft \u00a0 \u00a0 Dong\u00f3 motor kuplung \u00e9s g\u00e1z bovden 3000 ft Dong\u00f3 motor &hellip; <a href=\"https:\/\/dongo-motor-alkatresz.hu\/?page_id=1235\" class=\"more-link\"><span class=\"screen-reader-text\">Kuplung<\/span> r\u00e9szletei&#8230;<\/a><\/p>\n","protected":false},"author":1,"featured_media":0,"parent":0,"menu_order":0,"comment_status":"closed","ping_status":"closed","template":"","meta":{"footnotes":""},"class_list":["post-1235","page","type-page","status-publish","hentry"],"_links":{"self":[{"href":"https:\/\/dongo-motor-alkatresz.hu\/index.php?rest_route=\/wp\/v2\/pages\/1235","targetHints":{"allow":["GET"]}}],"collection":[{"href":"https:\/\/dongo-motor-alkatresz.hu\/index.php?rest_route=\/wp\/v2\/pages"}],"about":[{"href":"https:\/\/dongo-motor-alkatresz.hu\/index.php?rest_route=\/wp\/v2\/types\/page"}],"author":[{"embeddable":true,"href":"https:\/\/dongo-motor-alkatresz.hu\/index.php?rest_route=\/wp\/v2\/users\/1"}],"replies":[{"embeddable":true,"href":"https:\/\/dongo-motor-alkatresz.hu\/index.php?rest_route=%2Fwp%2Fv2%2Fcomments&post=1235"}],"version-history":[{"count":34,"href":"https:\/\/dongo-motor-alkatresz.hu\/index.php?rest_route=\/wp\/v2\/pages\/1235\/revisions"}],"predecessor-version":[{"id":17231,"href":"https:\/\/dongo-motor-alkatresz.hu\/index.php?rest_route=\/wp\/v2\/pages\/1235\/revisions\/17231"}],"wp:attachment":[{"href":"https:\/\/dongo-motor-alkatresz.hu\/index.php?rest_route=%2Fwp%2Fv2%2Fmedia&parent=1235"}],"curies":[{"name":"wp","href":"https:\/\/api.w.org\/{rel}","templated":true}]}}