{"id":1240,"date":"2021-05-05T18:49:32","date_gmt":"2021-05-05T18:49:32","guid":{"rendered":"http:\/\/dongo-motor-alkatresz.hu\/?page_id=1240"},"modified":"2026-01-02T12:23:11","modified_gmt":"2026-01-02T12:23:11","slug":"henger-dugattyu-tartozekok","status":"publish","type":"page","link":"https:\/\/dongo-motor-alkatresz.hu\/?page_id=1240","title":{"rendered":"Henger-Dugatty\u00fa tartoz\u00e9kok  80cc"},"content":{"rendered":"\n<h2 class=\"wp-block-heading\">&nbsp;<\/h2>\n\n\n\n<h2 class=\"wp-block-heading\">&nbsp;<\/h2>\n\n\n\n<h2 class=\"wp-block-heading\">Dong\u00f3 motor 80cc henger 11500 ft<\/h2>\n\n\n\n<p><\/p>\n\n\n\n<p>jelenleg nincs rakt\u00e1ron<\/p>\n\n\n\n<figure class=\"wp-block-image size-large\"><img loading=\"lazy\" decoding=\"async\" width=\"1000\" height=\"1000\" src=\"http:\/\/dongo-motor-alkatresz.hu\/wp-content\/uploads\/2021\/05\/henger.jpg\" alt=\"\" class=\"wp-image-1248\" srcset=\"https:\/\/dongo-motor-alkatresz.hu\/wp-content\/uploads\/2021\/05\/henger.jpg 1000w, https:\/\/dongo-motor-alkatresz.hu\/wp-content\/uploads\/2021\/05\/henger-150x150.jpg 150w, https:\/\/dongo-motor-alkatresz.hu\/wp-content\/uploads\/2021\/05\/henger-768x768.jpg 768w\" sizes=\"auto, (max-width: 1000px) 100vw, 1000px\" \/><\/figure>\n\n\n\n<h2 class=\"wp-block-heading\">&nbsp;<\/h2>\n\n\n\n<h2 class=\"wp-block-heading\">Dong\u00f3 motor 80cc henger\u00a0 13000ft<\/h2>\n\n\n\n<p><\/p>\n\n\n\n<div class=\"wp-block-group\"><div class=\"wp-block-group__inner-container is-layout-flow wp-block-group-is-layout-flow\">\n<div class=\"wp-block-group\"><div class=\"wp-block-group__inner-container is-layout-flow wp-block-group-is-layout-flow\">\n<figure class=\"wp-block-gallery has-nested-images columns-default is-cropped wp-block-gallery-1 is-layout-flex wp-block-gallery-is-layout-flex\">\n<figure class=\"wp-block-image size-large\"><img loading=\"lazy\" decoding=\"async\" width=\"1110\" height=\"1110\" data-id=\"1254\" src=\"http:\/\/dongo-motor-alkatresz.hu\/wp-content\/uploads\/2021\/05\/henger-2.-2.jpg\" alt=\"\" class=\"wp-image-1254\" srcset=\"https:\/\/dongo-motor-alkatresz.hu\/wp-content\/uploads\/2021\/05\/henger-2.-2.jpg 1110w, https:\/\/dongo-motor-alkatresz.hu\/wp-content\/uploads\/2021\/05\/henger-2.-2-150x150.jpg 150w, https:\/\/dongo-motor-alkatresz.hu\/wp-content\/uploads\/2021\/05\/henger-2.-2-768x768.jpg 768w\" sizes=\"auto, (max-width: 1110px) 100vw, 1110px\" \/><\/figure>\n\n\n\n<figure class=\"wp-block-image size-large\"><img loading=\"lazy\" decoding=\"async\" width=\"1110\" height=\"1110\" data-id=\"1259\" src=\"http:\/\/dongo-motor-alkatresz.hu\/wp-content\/uploads\/2021\/05\/henger-2.1-1.jpg\" alt=\"\" class=\"wp-image-1259\" srcset=\"https:\/\/dongo-motor-alkatresz.hu\/wp-content\/uploads\/2021\/05\/henger-2.1-1.jpg 1110w, https:\/\/dongo-motor-alkatresz.hu\/wp-content\/uploads\/2021\/05\/henger-2.1-1-150x150.jpg 150w, https:\/\/dongo-motor-alkatresz.hu\/wp-content\/uploads\/2021\/05\/henger-2.1-1-768x768.jpg 768w\" sizes=\"auto, (max-width: 1110px) 100vw, 1110px\" \/><\/figure>\n<\/figure>\n<\/div><\/div>\n<\/div><\/div>\n\n\n\n<p>&nbsp;<\/p>\n\n\n\n<h2 class=\"wp-block-heading\">&nbsp;<\/h2>\n\n\n\n<h2 class=\"wp-block-heading\">Dong\u00f3 motor dugatty\u00fa-gy\u0171r\u0171 4500 ft<\/h2>\n\n\n\n<figure class=\"wp-block-image size-large is-resized\"><a href=\"http:\/\/dongo-motor-alkatresz.hu\/wp-content\/uploads\/2021\/05\/80cc-dug\u00f3-hirdet\u00e9s.jpg\"><img loading=\"lazy\" decoding=\"async\" width=\"500\" height=\"500\" src=\"http:\/\/dongo-motor-alkatresz.hu\/wp-content\/uploads\/2021\/05\/80cc-dug\u00f3-hirdet\u00e9s.jpg\" alt=\"\" class=\"wp-image-1256\" style=\"width:350px;height:350px\" srcset=\"https:\/\/dongo-motor-alkatresz.hu\/wp-content\/uploads\/2021\/05\/80cc-dug\u00f3-hirdet\u00e9s.jpg 500w, https:\/\/dongo-motor-alkatresz.hu\/wp-content\/uploads\/2021\/05\/80cc-dug\u00f3-hirdet\u00e9s-150x150.jpg 150w\" sizes=\"auto, (max-width: 500px) 100vw, 500px\" \/><\/a><\/figure>\n\n\n\n<figure class=\"wp-block-image size-large\"><img loading=\"lazy\" decoding=\"async\" width=\"720\" height=\"720\" src=\"http:\/\/dongo-motor-alkatresz.hu\/wp-content\/uploads\/2020\/03\/received_2009804409063570.jpeg\" alt=\"\" class=\"wp-image-950\" srcset=\"https:\/\/dongo-motor-alkatresz.hu\/wp-content\/uploads\/2020\/03\/received_2009804409063570.jpeg 720w, https:\/\/dongo-motor-alkatresz.hu\/wp-content\/uploads\/2020\/03\/received_2009804409063570-200x200.jpeg 200w, https:\/\/dongo-motor-alkatresz.hu\/wp-content\/uploads\/2020\/03\/received_2009804409063570-100x100.jpeg 100w, https:\/\/dongo-motor-alkatresz.hu\/wp-content\/uploads\/2020\/03\/received_2009804409063570-350x350.jpeg 350w, https:\/\/dongo-motor-alkatresz.hu\/wp-content\/uploads\/2020\/03\/received_2009804409063570-150x150.jpeg 150w\" sizes=\"auto, (max-width: 720px) 100vw, 720px\" \/><\/figure>\n\n\n\n<h2 class=\"wp-block-heading\">Dong\u00f3 motor dugatty\u00fa gy\u0171r\u0171 80cc 2000 ft<\/h2>\n\n\n\n<figure class=\"wp-block-image size-large\"><img loading=\"lazy\" decoding=\"async\" width=\"1100\" height=\"1100\" src=\"http:\/\/dongo-motor-alkatresz.hu\/wp-content\/uploads\/2020\/03\/5c-cc-gy\u0171r\u0171.jpg\" alt=\"\" class=\"wp-image-1004\" srcset=\"https:\/\/dongo-motor-alkatresz.hu\/wp-content\/uploads\/2020\/03\/5c-cc-gy\u0171r\u0171.jpg 1100w, https:\/\/dongo-motor-alkatresz.hu\/wp-content\/uploads\/2020\/03\/5c-cc-gy\u0171r\u0171-200x200.jpg 200w, https:\/\/dongo-motor-alkatresz.hu\/wp-content\/uploads\/2020\/03\/5c-cc-gy\u0171r\u0171-100x100.jpg 100w, https:\/\/dongo-motor-alkatresz.hu\/wp-content\/uploads\/2020\/03\/5c-cc-gy\u0171r\u0171-350x350.jpg 350w, https:\/\/dongo-motor-alkatresz.hu\/wp-content\/uploads\/2020\/03\/5c-cc-gy\u0171r\u0171-150x150.jpg 150w, https:\/\/dongo-motor-alkatresz.hu\/wp-content\/uploads\/2020\/03\/5c-cc-gy\u0171r\u0171-768x768.jpg 768w\" sizes=\"auto, (max-width: 1100px) 100vw, 1100px\" \/><\/figure>\n\n\n\n<h2 class=\"wp-block-heading\">&nbsp;<\/h2>\n\n\n\n<h2 class=\"wp-block-heading\">Dong\u00f3 motor dugatty\u00fa csapszeg-zeeger 80cc 800 ft<\/h2>\n\n\n\n<figure class=\"wp-block-image size-large\"><img loading=\"lazy\" decoding=\"async\" width=\"1301\" height=\"1300\" src=\"http:\/\/dongo-motor-alkatresz.hu\/wp-content\/uploads\/2020\/03\/csapszeg.jpg\" alt=\"\" class=\"wp-image-1014\" srcset=\"https:\/\/dongo-motor-alkatresz.hu\/wp-content\/uploads\/2020\/03\/csapszeg.jpg 1301w, https:\/\/dongo-motor-alkatresz.hu\/wp-content\/uploads\/2020\/03\/csapszeg-200x200.jpg 200w, https:\/\/dongo-motor-alkatresz.hu\/wp-content\/uploads\/2020\/03\/csapszeg-100x100.jpg 100w, https:\/\/dongo-motor-alkatresz.hu\/wp-content\/uploads\/2020\/03\/csapszeg-350x350.jpg 350w, https:\/\/dongo-motor-alkatresz.hu\/wp-content\/uploads\/2020\/03\/csapszeg-150x150.jpg 150w, https:\/\/dongo-motor-alkatresz.hu\/wp-content\/uploads\/2020\/03\/csapszeg-768x767.jpg 768w\" sizes=\"auto, (max-width: 1301px) 100vw, 1301px\" \/><\/figure>\n\n\n\n<h2 class=\"wp-block-heading\">Dong\u00f3 motor hengerfej 4500 ft<\/h2>\n\n\n\n<figure class=\"wp-block-image size-large\"><img loading=\"lazy\" decoding=\"async\" width=\"1000\" height=\"1000\" src=\"http:\/\/dongo-motor-alkatresz.hu\/wp-content\/uploads\/2021\/05\/hengerfej-555.jpg\" alt=\"\" class=\"wp-image-1261\" srcset=\"https:\/\/dongo-motor-alkatresz.hu\/wp-content\/uploads\/2021\/05\/hengerfej-555.jpg 1000w, https:\/\/dongo-motor-alkatresz.hu\/wp-content\/uploads\/2021\/05\/hengerfej-555-150x150.jpg 150w, https:\/\/dongo-motor-alkatresz.hu\/wp-content\/uploads\/2021\/05\/hengerfej-555-768x768.jpg 768w\" sizes=\"auto, (max-width: 1000px) 100vw, 1000px\" \/><\/figure>\n\n\n\n<h2 class=\"wp-block-heading\">&nbsp;<\/h2>\n\n\n\n<h2 class=\"wp-block-heading\">Dong\u00f3 motor 80cc hengerfej t\u00f6mit\u00e9s 500ft<\/h2>\n\n\n\n<figure class=\"wp-block-image size-large\"><img loading=\"lazy\" decoding=\"async\" width=\"1000\" height=\"1000\" src=\"http:\/\/dongo-motor-alkatresz.hu\/wp-content\/uploads\/2021\/05\/t\u00f6mit\u00e9s.jpg\" alt=\"\" class=\"wp-image-1262\" srcset=\"https:\/\/dongo-motor-alkatresz.hu\/wp-content\/uploads\/2021\/05\/t\u00f6mit\u00e9s.jpg 1000w, https:\/\/dongo-motor-alkatresz.hu\/wp-content\/uploads\/2021\/05\/t\u00f6mit\u00e9s-150x150.jpg 150w, https:\/\/dongo-motor-alkatresz.hu\/wp-content\/uploads\/2021\/05\/t\u00f6mit\u00e9s-768x768.jpg 768w\" sizes=\"auto, (max-width: 1000px) 100vw, 1000px\" \/><\/figure>\n\n\n\n<h2 class=\"wp-block-heading\">Dong\u00f3 motor t\u00f6m\u00edt\u00e9s szett 80cc 2500 ft<\/h2>\n\n\n\n<figure class=\"wp-block-image size-large\"><img loading=\"lazy\" decoding=\"async\" width=\"1000\" height=\"1000\" src=\"http:\/\/dongo-motor-alkatresz.hu\/wp-content\/uploads\/2021\/05\/t\u00f6mit\u00e9s-szettttttt.jpg\" alt=\"\" class=\"wp-image-1263\" srcset=\"https:\/\/dongo-motor-alkatresz.hu\/wp-content\/uploads\/2021\/05\/t\u00f6mit\u00e9s-szettttttt.jpg 1000w, https:\/\/dongo-motor-alkatresz.hu\/wp-content\/uploads\/2021\/05\/t\u00f6mit\u00e9s-szettttttt-150x150.jpg 150w, https:\/\/dongo-motor-alkatresz.hu\/wp-content\/uploads\/2021\/05\/t\u00f6mit\u00e9s-szettttttt-768x768.jpg 768w\" sizes=\"auto, (max-width: 1000px) 100vw, 1000px\" \/><\/figure>\n","protected":false},"excerpt":{"rendered":"<p>&nbsp; &nbsp; Dong\u00f3 motor 80cc henger 11500 ft jelenleg nincs rakt\u00e1ron &nbsp; Dong\u00f3 motor 80cc henger\u00a0 13000ft &nbsp; &nbsp; Dong\u00f3 motor dugatty\u00fa-gy\u0171r\u0171 4500 ft Dong\u00f3 motor dugatty\u00fa gy\u0171r\u0171 80cc 2000 ft &nbsp; Dong\u00f3 motor dugatty\u00fa csapszeg-zeeger 80cc 800 ft Dong\u00f3 motor hengerfej 4500 ft &nbsp; Dong\u00f3 motor 80cc hengerfej t\u00f6mit\u00e9s 500ft Dong\u00f3 motor t\u00f6m\u00edt\u00e9s szett &hellip; <a href=\"https:\/\/dongo-motor-alkatresz.hu\/?page_id=1240\" class=\"more-link\"><span class=\"screen-reader-text\">Henger-Dugatty\u00fa tartoz\u00e9kok  80cc<\/span> r\u00e9szletei&#8230;<\/a><\/p>\n","protected":false},"author":1,"featured_media":0,"parent":0,"menu_order":0,"comment_status":"closed","ping_status":"closed","template":"","meta":{"footnotes":""},"class_list":["post-1240","page","type-page","status-publish","hentry"],"_links":{"self":[{"href":"https:\/\/dongo-motor-alkatresz.hu\/index.php?rest_route=\/wp\/v2\/pages\/1240","targetHints":{"allow":["GET"]}}],"collection":[{"href":"https:\/\/dongo-motor-alkatresz.hu\/index.php?rest_route=\/wp\/v2\/pages"}],"about":[{"href":"https:\/\/dongo-motor-alkatresz.hu\/index.php?rest_route=\/wp\/v2\/types\/page"}],"author":[{"embeddable":true,"href":"https:\/\/dongo-motor-alkatresz.hu\/index.php?rest_route=\/wp\/v2\/users\/1"}],"replies":[{"embeddable":true,"href":"https:\/\/dongo-motor-alkatresz.hu\/index.php?rest_route=%2Fwp%2Fv2%2Fcomments&post=1240"}],"version-history":[{"count":13,"href":"https:\/\/dongo-motor-alkatresz.hu\/index.php?rest_route=\/wp\/v2\/pages\/1240\/revisions"}],"predecessor-version":[{"id":17266,"href":"https:\/\/dongo-motor-alkatresz.hu\/index.php?rest_route=\/wp\/v2\/pages\/1240\/revisions\/17266"}],"wp:attachment":[{"href":"https:\/\/dongo-motor-alkatresz.hu\/index.php?rest_route=%2Fwp%2Fv2%2Fmedia&parent=1240"}],"curies":[{"name":"wp","href":"https:\/\/api.w.org\/{rel}","templated":true}]}}