{"id":1286,"date":"2021-05-09T15:24:44","date_gmt":"2021-05-09T15:24:44","guid":{"rendered":"http:\/\/dongo-motor-alkatresz.hu\/?page_id=1286"},"modified":"2024-05-18T08:41:56","modified_gmt":"2024-05-18T08:41:56","slug":"lanc-es-lanckerek-es-tartozekok","status":"publish","type":"page","link":"https:\/\/dongo-motor-alkatresz.hu\/?page_id=1286","title":{"rendered":"L\u00e1nc , l\u00e1ncker\u00e9k,  tartoz\u00e9kok"},"content":{"rendered":"\n<h2 class=\"wp-block-heading\">&nbsp;<\/h2>\n\n\n\n<h2 class=\"wp-block-heading\">&nbsp;<\/h2>\n\n\n\n<h2 class=\"wp-block-heading\">Dong\u00f3 motor l\u00e1nc 4500 ft<\/h2>\n\n\n\n<figure class=\"wp-block-image size-large\"><img loading=\"lazy\" decoding=\"async\" width=\"600\" height=\"600\" src=\"http:\/\/dongo-motor-alkatresz.hu\/wp-content\/uploads\/2020\/03\/l\u00e1nc-hirdet\u00e9s.jpg\" alt=\"\" class=\"wp-image-853\" srcset=\"https:\/\/dongo-motor-alkatresz.hu\/wp-content\/uploads\/2020\/03\/l\u00e1nc-hirdet\u00e9s.jpg 600w, https:\/\/dongo-motor-alkatresz.hu\/wp-content\/uploads\/2020\/03\/l\u00e1nc-hirdet\u00e9s-200x200.jpg 200w, https:\/\/dongo-motor-alkatresz.hu\/wp-content\/uploads\/2020\/03\/l\u00e1nc-hirdet\u00e9s-100x100.jpg 100w, https:\/\/dongo-motor-alkatresz.hu\/wp-content\/uploads\/2020\/03\/l\u00e1nc-hirdet\u00e9s-350x350.jpg 350w, https:\/\/dongo-motor-alkatresz.hu\/wp-content\/uploads\/2020\/03\/l\u00e1nc-hirdet\u00e9s-150x150.jpg 150w\" sizes=\"auto, (max-width: 600px) 100vw, 600px\" \/><\/figure>\n\n\n\n<h2 class=\"wp-block-heading\">Dong\u00f3 motor l\u00e1nc patent szem 450ft<\/h2>\n\n\n\n<figure class=\"wp-block-image size-large\"><img decoding=\"async\" src=\"http:\/\/dongo-motor-alkatresz.hu\/wp-content\/uploads\/2020\/03\/patentszeem.jpg\" alt=\"\" class=\"wp-image-1074\"\/><\/figure>\n\n\n\n<h2 class=\"wp-block-heading\"><strong>Dong\u00f3 motor kis l\u00e1ncker\u00e9k\u00a0\u00a0\u00a02200 ft<\/strong><\/h2>\n\n\n\n<figure class=\"wp-block-image size-large\"><img loading=\"lazy\" decoding=\"async\" width=\"1024\" height=\"1024\" src=\"http:\/\/dongo-motor-alkatresz.hu\/wp-content\/uploads\/2020\/03\/kis-l\u00e1ncker\u00e9k.jpg\" alt=\"\" class=\"wp-image-922\" srcset=\"https:\/\/dongo-motor-alkatresz.hu\/wp-content\/uploads\/2020\/03\/kis-l\u00e1ncker\u00e9k.jpg 1024w, https:\/\/dongo-motor-alkatresz.hu\/wp-content\/uploads\/2020\/03\/kis-l\u00e1ncker\u00e9k-200x200.jpg 200w, https:\/\/dongo-motor-alkatresz.hu\/wp-content\/uploads\/2020\/03\/kis-l\u00e1ncker\u00e9k-100x100.jpg 100w, https:\/\/dongo-motor-alkatresz.hu\/wp-content\/uploads\/2020\/03\/kis-l\u00e1ncker\u00e9k-350x350.jpg 350w, https:\/\/dongo-motor-alkatresz.hu\/wp-content\/uploads\/2020\/03\/kis-l\u00e1ncker\u00e9k-150x150.jpg 150w, https:\/\/dongo-motor-alkatresz.hu\/wp-content\/uploads\/2020\/03\/kis-l\u00e1ncker\u00e9k-768x768.jpg 768w\" sizes=\"auto, (max-width: 1024px) 100vw, 1024px\" \/><\/figure>\n\n\n\n<figure class=\"wp-block-image size-large\"><img loading=\"lazy\" decoding=\"async\" width=\"1024\" height=\"1024\" src=\"http:\/\/dongo-motor-alkatresz.hu\/wp-content\/uploads\/2020\/03\/kis-l\u00e1ncker\u00e9\u00e9k.jpg\" alt=\"\" class=\"wp-image-921\" srcset=\"https:\/\/dongo-motor-alkatresz.hu\/wp-content\/uploads\/2020\/03\/kis-l\u00e1ncker\u00e9\u00e9k.jpg 1024w, https:\/\/dongo-motor-alkatresz.hu\/wp-content\/uploads\/2020\/03\/kis-l\u00e1ncker\u00e9\u00e9k-200x200.jpg 200w, https:\/\/dongo-motor-alkatresz.hu\/wp-content\/uploads\/2020\/03\/kis-l\u00e1ncker\u00e9\u00e9k-100x100.jpg 100w, https:\/\/dongo-motor-alkatresz.hu\/wp-content\/uploads\/2020\/03\/kis-l\u00e1ncker\u00e9\u00e9k-350x350.jpg 350w, https:\/\/dongo-motor-alkatresz.hu\/wp-content\/uploads\/2020\/03\/kis-l\u00e1ncker\u00e9\u00e9k-150x150.jpg 150w, https:\/\/dongo-motor-alkatresz.hu\/wp-content\/uploads\/2020\/03\/kis-l\u00e1ncker\u00e9\u00e9k-768x768.jpg 768w\" sizes=\"auto, (max-width: 1024px) 100vw, 1024px\" \/><\/figure>\n\n\n\n<h2 class=\"wp-block-heading\">Dong\u00f3 motor 44T l\u00e1ncker\u00e9k ( gy\u00e1ri ) 3000 ft<\/h2>\n\n\n\n<figure class=\"wp-block-image size-large\"><img loading=\"lazy\" decoding=\"async\" width=\"500\" height=\"500\" src=\"http:\/\/dongo-motor-alkatresz.hu\/wp-content\/uploads\/2020\/03\/nagy-l\u00e1nccker\u00e9k.jpg\" alt=\"\" class=\"wp-image-1006\" srcset=\"https:\/\/dongo-motor-alkatresz.hu\/wp-content\/uploads\/2020\/03\/nagy-l\u00e1nccker\u00e9k.jpg 500w, https:\/\/dongo-motor-alkatresz.hu\/wp-content\/uploads\/2020\/03\/nagy-l\u00e1nccker\u00e9k-200x200.jpg 200w, https:\/\/dongo-motor-alkatresz.hu\/wp-content\/uploads\/2020\/03\/nagy-l\u00e1nccker\u00e9k-100x100.jpg 100w, https:\/\/dongo-motor-alkatresz.hu\/wp-content\/uploads\/2020\/03\/nagy-l\u00e1nccker\u00e9k-350x350.jpg 350w, https:\/\/dongo-motor-alkatresz.hu\/wp-content\/uploads\/2020\/03\/nagy-l\u00e1nccker\u00e9k-150x150.jpg 150w\" sizes=\"auto, (max-width: 500px) 100vw, 500px\" \/><\/figure>\n\n\n\n<h2 class=\"wp-block-heading\">Dong\u00f3 motor l\u00e1ncfesz\u00edt\u0151 ( gy\u00e1ri ) 3000 ft<\/h2>\n\n\n\n<figure class=\"wp-block-image size-large\"><img loading=\"lazy\" decoding=\"async\" width=\"1024\" height=\"1024\" src=\"http:\/\/dongo-motor-alkatresz.hu\/wp-content\/uploads\/2021\/05\/L\u00e1ncfejnsz\u00edt\u0151-1.jpg\" alt=\"\" class=\"wp-image-1291\" srcset=\"https:\/\/dongo-motor-alkatresz.hu\/wp-content\/uploads\/2021\/05\/L\u00e1ncfejnsz\u00edt\u0151-1.jpg 1024w, https:\/\/dongo-motor-alkatresz.hu\/wp-content\/uploads\/2021\/05\/L\u00e1ncfejnsz\u00edt\u0151-1-150x150.jpg 150w, https:\/\/dongo-motor-alkatresz.hu\/wp-content\/uploads\/2021\/05\/L\u00e1ncfejnsz\u00edt\u0151-1-768x768.jpg 768w\" sizes=\"auto, (max-width: 1024px) 100vw, 1024px\" \/><\/figure>\n\n\n\n<h2 class=\"wp-block-heading\">Dong\u00f3 motor rug\u00f3s l\u00e1ncfesz\u00edt\u0151 7000 ft<\/h2>\n\n\n\n<figure class=\"wp-block-image size-large\"><img loading=\"lazy\" decoding=\"async\" width=\"1300\" height=\"1300\" src=\"http:\/\/dongo-motor-alkatresz.hu\/wp-content\/uploads\/2019\/05\/RUG\u00d3S-L\u00c1NCFESZ\u00cdT\u0150-2..jpg\" alt=\"\" class=\"wp-image-788\" srcset=\"https:\/\/dongo-motor-alkatresz.hu\/wp-content\/uploads\/2019\/05\/RUG\u00d3S-L\u00c1NCFESZ\u00cdT\u0150-2..jpg 1300w, https:\/\/dongo-motor-alkatresz.hu\/wp-content\/uploads\/2019\/05\/RUG\u00d3S-L\u00c1NCFESZ\u00cdT\u0150-2.-200x200.jpg 200w, https:\/\/dongo-motor-alkatresz.hu\/wp-content\/uploads\/2019\/05\/RUG\u00d3S-L\u00c1NCFESZ\u00cdT\u0150-2.-100x100.jpg 100w, https:\/\/dongo-motor-alkatresz.hu\/wp-content\/uploads\/2019\/05\/RUG\u00d3S-L\u00c1NCFESZ\u00cdT\u0150-2.-350x350.jpg 350w, https:\/\/dongo-motor-alkatresz.hu\/wp-content\/uploads\/2019\/05\/RUG\u00d3S-L\u00c1NCFESZ\u00cdT\u0150-2.-150x150.jpg 150w, https:\/\/dongo-motor-alkatresz.hu\/wp-content\/uploads\/2019\/05\/RUG\u00d3S-L\u00c1NCFESZ\u00cdT\u0150-2.-768x768.jpg 768w\" sizes=\"auto, (max-width: 1300px) 100vw, 1300px\" \/><\/figure>\n\n\n\n<h2 class=\"wp-block-heading\">Dong\u00f3 motor l\u00e1ncker\u00e9k felfogat\u00f3 1500 ft<\/h2>\n\n\n\n<figure class=\"wp-block-image size-large\"><img loading=\"lazy\" decoding=\"async\" width=\"1000\" height=\"1000\" src=\"http:\/\/dongo-motor-alkatresz.hu\/wp-content\/uploads\/2020\/03\/fellfogat\u00f3.jpg\" alt=\"\" class=\"wp-image-1035\" srcset=\"https:\/\/dongo-motor-alkatresz.hu\/wp-content\/uploads\/2020\/03\/fellfogat\u00f3.jpg 1000w, https:\/\/dongo-motor-alkatresz.hu\/wp-content\/uploads\/2020\/03\/fellfogat\u00f3-200x200.jpg 200w, https:\/\/dongo-motor-alkatresz.hu\/wp-content\/uploads\/2020\/03\/fellfogat\u00f3-100x100.jpg 100w, https:\/\/dongo-motor-alkatresz.hu\/wp-content\/uploads\/2020\/03\/fellfogat\u00f3-350x350.jpg 350w, https:\/\/dongo-motor-alkatresz.hu\/wp-content\/uploads\/2020\/03\/fellfogat\u00f3-150x150.jpg 150w, https:\/\/dongo-motor-alkatresz.hu\/wp-content\/uploads\/2020\/03\/fellfogat\u00f3-768x768.jpg 768w\" sizes=\"auto, (max-width: 1000px) 100vw, 1000px\" \/><\/figure>\n\n\n\n<h2 class=\"wp-block-heading\">Dong\u00f3 motor l\u00e1ncfesz\u00edt\u0151 g\u00f6rg\u0151&nbsp; 2200 &nbsp; ft<\/h2>\n\n\n\n<figure class=\"wp-block-image size-large\"><img loading=\"lazy\" decoding=\"async\" width=\"885\" height=\"764\" src=\"http:\/\/dongo-motor-alkatresz.hu\/wp-content\/uploads\/2021\/05\/g\u00f6rg\u0151k.png\" alt=\"\" class=\"wp-image-1327\" srcset=\"https:\/\/dongo-motor-alkatresz.hu\/wp-content\/uploads\/2021\/05\/g\u00f6rg\u0151k.png 885w, https:\/\/dongo-motor-alkatresz.hu\/wp-content\/uploads\/2021\/05\/g\u00f6rg\u0151k-768x663.png 768w\" sizes=\"auto, (max-width: 885px) 100vw, 885px\" \/><\/figure>\n\n\n\n<figure class=\"wp-block-image size-large\"><img loading=\"lazy\" decoding=\"async\" width=\"1024\" height=\"1024\" src=\"http:\/\/dongo-motor-alkatresz.hu\/wp-content\/uploads\/2021\/05\/G\u00f6rg\u0151.jpg\" alt=\"\" class=\"wp-image-1328\" srcset=\"https:\/\/dongo-motor-alkatresz.hu\/wp-content\/uploads\/2021\/05\/G\u00f6rg\u0151.jpg 1024w, https:\/\/dongo-motor-alkatresz.hu\/wp-content\/uploads\/2021\/05\/G\u00f6rg\u0151-150x150.jpg 150w, https:\/\/dongo-motor-alkatresz.hu\/wp-content\/uploads\/2021\/05\/G\u00f6rg\u0151-768x768.jpg 768w\" sizes=\"auto, (max-width: 1024px) 100vw, 1024px\" \/><\/figure>\n","protected":false},"excerpt":{"rendered":"<p>&nbsp; &nbsp; Dong\u00f3 motor l\u00e1nc 4500 ft Dong\u00f3 motor l\u00e1nc patent szem 450ft Dong\u00f3 motor kis l\u00e1ncker\u00e9k\u00a0\u00a0\u00a02200 ft Dong\u00f3 motor 44T l\u00e1ncker\u00e9k ( gy\u00e1ri ) 3000 ft Dong\u00f3 motor l\u00e1ncfesz\u00edt\u0151 ( gy\u00e1ri ) 3000 ft Dong\u00f3 motor rug\u00f3s l\u00e1ncfesz\u00edt\u0151 7000 ft Dong\u00f3 motor l\u00e1ncker\u00e9k felfogat\u00f3 1500 ft Dong\u00f3 motor l\u00e1ncfesz\u00edt\u0151 g\u00f6rg\u0151&nbsp; 2200 &nbsp; ft<\/p>\n","protected":false},"author":1,"featured_media":0,"parent":0,"menu_order":0,"comment_status":"closed","ping_status":"closed","template":"","meta":{"footnotes":""},"class_list":["post-1286","page","type-page","status-publish","hentry"],"_links":{"self":[{"href":"https:\/\/dongo-motor-alkatresz.hu\/index.php?rest_route=\/wp\/v2\/pages\/1286","targetHints":{"allow":["GET"]}}],"collection":[{"href":"https:\/\/dongo-motor-alkatresz.hu\/index.php?rest_route=\/wp\/v2\/pages"}],"about":[{"href":"https:\/\/dongo-motor-alkatresz.hu\/index.php?rest_route=\/wp\/v2\/types\/page"}],"author":[{"embeddable":true,"href":"https:\/\/dongo-motor-alkatresz.hu\/index.php?rest_route=\/wp\/v2\/users\/1"}],"replies":[{"embeddable":true,"href":"https:\/\/dongo-motor-alkatresz.hu\/index.php?rest_route=%2Fwp%2Fv2%2Fcomments&post=1286"}],"version-history":[{"count":16,"href":"https:\/\/dongo-motor-alkatresz.hu\/index.php?rest_route=\/wp\/v2\/pages\/1286\/revisions"}],"predecessor-version":[{"id":17243,"href":"https:\/\/dongo-motor-alkatresz.hu\/index.php?rest_route=\/wp\/v2\/pages\/1286\/revisions\/17243"}],"wp:attachment":[{"href":"https:\/\/dongo-motor-alkatresz.hu\/index.php?rest_route=%2Fwp%2Fv2%2Fmedia&parent=1286"}],"curies":[{"name":"wp","href":"https:\/\/api.w.org\/{rel}","templated":true}]}}