{"id":1310,"date":"2021-05-09T15:53:02","date_gmt":"2021-05-09T15:53:02","guid":{"rendered":"http:\/\/dongo-motor-alkatresz.hu\/?page_id=1310"},"modified":"2023-02-27T04:16:32","modified_gmt":"2023-02-27T04:16:32","slug":"dongo-motor-karburator","status":"publish","type":"page","link":"https:\/\/dongo-motor-alkatresz.hu\/?page_id=1310","title":{"rendered":"Dong\u00f3 motor karbur\u00e1tor"},"content":{"rendered":"\r\n<h2 class=\"wp-block-heading\">\u00a0<\/h2>\r\n\r\n\r\n\r\n<h2 class=\"wp-block-heading\">\u00a0<\/h2>\r\n\r\n\r\n\r\n<h2 class=\"wp-block-heading\">Dong\u00f3 motor karbur\u00e1tor (gy\u00e1ri ) 5800 ft<\/h2>\r\n\r\n\r\n\r\n<figure class=\"wp-block-image size-large\"><img loading=\"lazy\" decoding=\"async\" width=\"1300\" height=\"1300\" class=\"wp-image-883\" src=\"http:\/\/dongo-motor-alkatresz.hu\/wp-content\/uploads\/2020\/03\/s-l1600-7bbv.jpg\" alt=\"\" srcset=\"https:\/\/dongo-motor-alkatresz.hu\/wp-content\/uploads\/2020\/03\/s-l1600-7bbv.jpg 1300w, https:\/\/dongo-motor-alkatresz.hu\/wp-content\/uploads\/2020\/03\/s-l1600-7bbv-200x200.jpg 200w, https:\/\/dongo-motor-alkatresz.hu\/wp-content\/uploads\/2020\/03\/s-l1600-7bbv-100x100.jpg 100w, https:\/\/dongo-motor-alkatresz.hu\/wp-content\/uploads\/2020\/03\/s-l1600-7bbv-350x350.jpg 350w, https:\/\/dongo-motor-alkatresz.hu\/wp-content\/uploads\/2020\/03\/s-l1600-7bbv-150x150.jpg 150w, https:\/\/dongo-motor-alkatresz.hu\/wp-content\/uploads\/2020\/03\/s-l1600-7bbv-768x768.jpg 768w\" sizes=\"auto, (max-width: 1300px) 100vw, 1300px\" \/><\/figure>\r\n\r\n\r\n\r\n<h2 class=\"wp-block-heading\">Dong\u00f3 motor sport karbur\u00e1tor 10500 ft<\/h2>\r\n<p>&nbsp;<\/p>\r\n<p>Jelenleg nincs rakt\u00e1ron<\/p>\r\n\r\n\r\n\r\n<figure class=\"wp-block-image size-large\"><img loading=\"lazy\" decoding=\"async\" width=\"1000\" height=\"1000\" class=\"wp-image-904\" src=\"http:\/\/dongo-motor-alkatresz.hu\/wp-content\/uploads\/2020\/03\/sport-karur\u00e1tor-4.jpg\" alt=\"\" srcset=\"https:\/\/dongo-motor-alkatresz.hu\/wp-content\/uploads\/2020\/03\/sport-karur\u00e1tor-4.jpg 1000w, https:\/\/dongo-motor-alkatresz.hu\/wp-content\/uploads\/2020\/03\/sport-karur\u00e1tor-4-200x200.jpg 200w, https:\/\/dongo-motor-alkatresz.hu\/wp-content\/uploads\/2020\/03\/sport-karur\u00e1tor-4-100x100.jpg 100w, https:\/\/dongo-motor-alkatresz.hu\/wp-content\/uploads\/2020\/03\/sport-karur\u00e1tor-4-350x350.jpg 350w, https:\/\/dongo-motor-alkatresz.hu\/wp-content\/uploads\/2020\/03\/sport-karur\u00e1tor-4-150x150.jpg 150w, https:\/\/dongo-motor-alkatresz.hu\/wp-content\/uploads\/2020\/03\/sport-karur\u00e1tor-4-768x768.jpg 768w\" sizes=\"auto, (max-width: 1000px) 100vw, 1000px\" \/><\/figure>\r\n\r\n\r\n\r\n<figure class=\"wp-block-image size-large\"><img loading=\"lazy\" decoding=\"async\" width=\"1000\" height=\"1000\" class=\"wp-image-905\" src=\"http:\/\/dongo-motor-alkatresz.hu\/wp-content\/uploads\/2020\/03\/sport-karur\u00e1tor-6.jpg\" alt=\"\" srcset=\"https:\/\/dongo-motor-alkatresz.hu\/wp-content\/uploads\/2020\/03\/sport-karur\u00e1tor-6.jpg 1000w, https:\/\/dongo-motor-alkatresz.hu\/wp-content\/uploads\/2020\/03\/sport-karur\u00e1tor-6-200x200.jpg 200w, https:\/\/dongo-motor-alkatresz.hu\/wp-content\/uploads\/2020\/03\/sport-karur\u00e1tor-6-100x100.jpg 100w, https:\/\/dongo-motor-alkatresz.hu\/wp-content\/uploads\/2020\/03\/sport-karur\u00e1tor-6-350x350.jpg 350w, https:\/\/dongo-motor-alkatresz.hu\/wp-content\/uploads\/2020\/03\/sport-karur\u00e1tor-6-150x150.jpg 150w, https:\/\/dongo-motor-alkatresz.hu\/wp-content\/uploads\/2020\/03\/sport-karur\u00e1tor-6-768x768.jpg 768w\" sizes=\"auto, (max-width: 1000px) 100vw, 1000px\" \/><\/figure>\r\n\r\n\r\n\r\n<h2 class=\"wp-block-heading\">Dong\u00f3 motor karbur\u00e1tor leveg\u0151 sz\u0171r\u0151 1700 ft<\/h2>\r\n\r\n\r\n\r\n<figure class=\"wp-block-image size-large\"><img loading=\"lazy\" decoding=\"async\" width=\"1300\" height=\"1300\" class=\"wp-image-1119\" src=\"http:\/\/dongo-motor-alkatresz.hu\/wp-content\/uploads\/2020\/03\/leveg\u0151sz\u0171r\u0151.jpg\" alt=\"\" srcset=\"https:\/\/dongo-motor-alkatresz.hu\/wp-content\/uploads\/2020\/03\/leveg\u0151sz\u0171r\u0151.jpg 1300w, https:\/\/dongo-motor-alkatresz.hu\/wp-content\/uploads\/2020\/03\/leveg\u0151sz\u0171r\u0151-150x150.jpg 150w, https:\/\/dongo-motor-alkatresz.hu\/wp-content\/uploads\/2020\/03\/leveg\u0151sz\u0171r\u0151-768x768.jpg 768w\" sizes=\"auto, (max-width: 1300px) 100vw, 1300px\" \/><\/figure>\r\n\r\n\r\n\r\n<h2 class=\"wp-block-heading\">Dong\u00f3 motor sz\u00edv\u00f3csonk 2200 ft<\/h2>\r\n\r\n\r\n\r\n<figure class=\"wp-block-image size-large\"><img loading=\"lazy\" decoding=\"async\" width=\"1300\" height=\"1300\" class=\"wp-image-1009\" src=\"http:\/\/dongo-motor-alkatresz.hu\/wp-content\/uploads\/2020\/03\/szivocsonk.jpg\" alt=\"\" srcset=\"https:\/\/dongo-motor-alkatresz.hu\/wp-content\/uploads\/2020\/03\/szivocsonk.jpg 1300w, https:\/\/dongo-motor-alkatresz.hu\/wp-content\/uploads\/2020\/03\/szivocsonk-200x200.jpg 200w, https:\/\/dongo-motor-alkatresz.hu\/wp-content\/uploads\/2020\/03\/szivocsonk-100x100.jpg 100w, https:\/\/dongo-motor-alkatresz.hu\/wp-content\/uploads\/2020\/03\/szivocsonk-350x350.jpg 350w, https:\/\/dongo-motor-alkatresz.hu\/wp-content\/uploads\/2020\/03\/szivocsonk-150x150.jpg 150w, https:\/\/dongo-motor-alkatresz.hu\/wp-content\/uploads\/2020\/03\/szivocsonk-768x768.jpg 768w\" sizes=\"auto, (max-width: 1300px) 100vw, 1300px\" \/><\/figure>\r\n\r\n\r\n\r\n<h2 class=\"wp-block-heading\">Dong\u00f3 motor sz\u00edv\u00f3csonk II. 2700 ft<\/h2>\r\n\r\n\r\n\r\n<figure class=\"wp-block-image size-large\"><img loading=\"lazy\" decoding=\"async\" width=\"1000\" height=\"1000\" class=\"wp-image-1010\" src=\"http:\/\/dongo-motor-alkatresz.hu\/wp-content\/uploads\/2020\/03\/sziv\u00f3torok.jpg\" alt=\"\" srcset=\"https:\/\/dongo-motor-alkatresz.hu\/wp-content\/uploads\/2020\/03\/sziv\u00f3torok.jpg 1000w, https:\/\/dongo-motor-alkatresz.hu\/wp-content\/uploads\/2020\/03\/sziv\u00f3torok-200x200.jpg 200w, https:\/\/dongo-motor-alkatresz.hu\/wp-content\/uploads\/2020\/03\/sziv\u00f3torok-100x100.jpg 100w, https:\/\/dongo-motor-alkatresz.hu\/wp-content\/uploads\/2020\/03\/sziv\u00f3torok-350x350.jpg 350w, https:\/\/dongo-motor-alkatresz.hu\/wp-content\/uploads\/2020\/03\/sziv\u00f3torok-150x150.jpg 150w, https:\/\/dongo-motor-alkatresz.hu\/wp-content\/uploads\/2020\/03\/sziv\u00f3torok-768x768.jpg 768w\" sizes=\"auto, (max-width: 1000px) 100vw, 1000px\" \/><\/figure>\r\n\r\n\r\n\r\n<p>&nbsp;<\/p>\r\n","protected":false},"excerpt":{"rendered":"<p>\u00a0 \u00a0 Dong\u00f3 motor karbur\u00e1tor (gy\u00e1ri ) 5800 ft Dong\u00f3 motor sport karbur\u00e1tor 10500 ft &nbsp; Jelenleg nincs rakt\u00e1ron Dong\u00f3 motor karbur\u00e1tor leveg\u0151 sz\u0171r\u0151 1700 ft Dong\u00f3 motor sz\u00edv\u00f3csonk 2200 ft Dong\u00f3 motor sz\u00edv\u00f3csonk II. 2700 ft &nbsp;<\/p>\n","protected":false},"author":1,"featured_media":0,"parent":0,"menu_order":0,"comment_status":"closed","ping_status":"closed","template":"","meta":{"footnotes":""},"class_list":["post-1310","page","type-page","status-publish","hentry"],"_links":{"self":[{"href":"https:\/\/dongo-motor-alkatresz.hu\/index.php?rest_route=\/wp\/v2\/pages\/1310","targetHints":{"allow":["GET"]}}],"collection":[{"href":"https:\/\/dongo-motor-alkatresz.hu\/index.php?rest_route=\/wp\/v2\/pages"}],"about":[{"href":"https:\/\/dongo-motor-alkatresz.hu\/index.php?rest_route=\/wp\/v2\/types\/page"}],"author":[{"embeddable":true,"href":"https:\/\/dongo-motor-alkatresz.hu\/index.php?rest_route=\/wp\/v2\/users\/1"}],"replies":[{"embeddable":true,"href":"https:\/\/dongo-motor-alkatresz.hu\/index.php?rest_route=%2Fwp%2Fv2%2Fcomments&post=1310"}],"version-history":[{"count":9,"href":"https:\/\/dongo-motor-alkatresz.hu\/index.php?rest_route=\/wp\/v2\/pages\/1310\/revisions"}],"predecessor-version":[{"id":17194,"href":"https:\/\/dongo-motor-alkatresz.hu\/index.php?rest_route=\/wp\/v2\/pages\/1310\/revisions\/17194"}],"wp:attachment":[{"href":"https:\/\/dongo-motor-alkatresz.hu\/index.php?rest_route=%2Fwp%2Fv2%2Fmedia&parent=1310"}],"curies":[{"name":"wp","href":"https:\/\/api.w.org\/{rel}","templated":true}]}}