{"id":1317,"date":"2021-05-09T16:03:07","date_gmt":"2021-05-09T16:03:07","guid":{"rendered":"http:\/\/dongo-motor-alkatresz.hu\/?page_id=1317"},"modified":"2026-01-02T12:38:19","modified_gmt":"2026-01-02T12:38:19","slug":"henger-dugattyu-tartozekok-50cc","status":"publish","type":"page","link":"https:\/\/dongo-motor-alkatresz.hu\/?page_id=1317","title":{"rendered":"Henger-Dugatty\u00fa tartoz\u00e9kok 50cc"},"content":{"rendered":"\n<h2 class=\"wp-block-heading\">&nbsp;<\/h2>\n\n\n\n<h2 class=\"wp-block-heading\">&nbsp;<\/h2>\n\n\n<h2>Dong\u00f3 motor henger 50cc 12000 ft<\/h2>\n<p><img loading=\"lazy\" decoding=\"async\" class=\"alignnone size-full wp-image-17169\" src=\"http:\/\/dongo-motor-alkatresz.hu\/wp-content\/uploads\/2022\/12\/uj-henger-50cc.png\" alt=\"\" width=\"889\" height=\"881\" srcset=\"https:\/\/dongo-motor-alkatresz.hu\/wp-content\/uploads\/2022\/12\/uj-henger-50cc.png 889w, https:\/\/dongo-motor-alkatresz.hu\/wp-content\/uploads\/2022\/12\/uj-henger-50cc-150x150.png 150w, https:\/\/dongo-motor-alkatresz.hu\/wp-content\/uploads\/2022\/12\/uj-henger-50cc-768x761.png 768w\" sizes=\"auto, (max-width: 889px) 100vw, 889px\" \/><\/p>\n\n\n\n\n<h2 class=\"wp-block-heading\">Dong\u00f3 motor dugatty\u00fa+gy\u0171r\u0171 50cc 4200 ft<\/h2>\n\n\n\n<figure class=\"wp-block-image size-large\"><img loading=\"lazy\" decoding=\"async\" width=\"500\" height=\"500\" src=\"http:\/\/dongo-motor-alkatresz.hu\/wp-content\/uploads\/2021\/05\/50cc-dug\u00f3.jpg\" alt=\"\" class=\"wp-image-1369\" srcset=\"https:\/\/dongo-motor-alkatresz.hu\/wp-content\/uploads\/2021\/05\/50cc-dug\u00f3.jpg 500w, https:\/\/dongo-motor-alkatresz.hu\/wp-content\/uploads\/2021\/05\/50cc-dug\u00f3-150x150.jpg 150w\" sizes=\"auto, (max-width: 500px) 100vw, 500px\" \/><\/figure>\n\n\n\n<h2 class=\"wp-block-heading\">Dong\u00f3 motor 50cc dugatty\u00fa-gy\u0171r\u0171 2000 ft<\/h2>\n\n\n\n<figure class=\"wp-block-image size-large\"><img loading=\"lazy\" decoding=\"async\" width=\"1100\" height=\"1100\" src=\"http:\/\/dongo-motor-alkatresz.hu\/wp-content\/uploads\/2021\/05\/5c-cc-gy\u0171r\u0171.jpg\" alt=\"\" class=\"wp-image-1370\" srcset=\"https:\/\/dongo-motor-alkatresz.hu\/wp-content\/uploads\/2021\/05\/5c-cc-gy\u0171r\u0171.jpg 1100w, https:\/\/dongo-motor-alkatresz.hu\/wp-content\/uploads\/2021\/05\/5c-cc-gy\u0171r\u0171-150x150.jpg 150w, https:\/\/dongo-motor-alkatresz.hu\/wp-content\/uploads\/2021\/05\/5c-cc-gy\u0171r\u0171-768x768.jpg 768w\" sizes=\"auto, (max-width: 1100px) 100vw, 1100px\" \/><\/figure>\n\n\n\n<h2 class=\"wp-block-heading\">Dong\u00f3 motor 50cc henger dugatty\u00fa-gy\u0171r\u0171\u00a0<\/h2>\r\n<h2>csapszeg\u00a0 15000 ft<\/h2>\r\n<p><img loading=\"lazy\" decoding=\"async\" class=\"alignnone size-full wp-image-17171\" src=\"http:\/\/dongo-motor-alkatresz.hu\/wp-content\/uploads\/2022\/12\/uj-hengerszett-hirdetni.png\" alt=\"\" width=\"885\" height=\"801\" srcset=\"https:\/\/dongo-motor-alkatresz.hu\/wp-content\/uploads\/2022\/12\/uj-hengerszett-hirdetni.png 885w, https:\/\/dongo-motor-alkatresz.hu\/wp-content\/uploads\/2022\/12\/uj-hengerszett-hirdetni-768x695.png 768w\" sizes=\"auto, (max-width: 885px) 100vw, 885px\" \/><\/p>\n\n\n\n\n\n<h2 class=\"wp-block-heading\">Dong\u00f3 motor 50cc hengerfej 4200 ft<\/h2>\n\n\n\n<figure class=\"wp-block-image size-large\"><img loading=\"lazy\" decoding=\"async\" width=\"1600\" height=\"1600\" src=\"http:\/\/dongo-motor-alkatresz.hu\/wp-content\/uploads\/2021\/05\/hengerfej.jpg\" alt=\"\" class=\"wp-image-1433\" srcset=\"https:\/\/dongo-motor-alkatresz.hu\/wp-content\/uploads\/2021\/05\/hengerfej.jpg 1600w, https:\/\/dongo-motor-alkatresz.hu\/wp-content\/uploads\/2021\/05\/hengerfej-150x150.jpg 150w, https:\/\/dongo-motor-alkatresz.hu\/wp-content\/uploads\/2021\/05\/hengerfej-768x768.jpg 768w, https:\/\/dongo-motor-alkatresz.hu\/wp-content\/uploads\/2021\/05\/hengerfej-1536x1536.jpg 1536w\" sizes=\"auto, (max-width: 1600px) 100vw, 1600px\" \/><\/figure>\n","protected":false},"excerpt":{"rendered":"<p>&nbsp; &nbsp; Dong\u00f3 motor henger 50cc 12000 ft Dong\u00f3 motor dugatty\u00fa+gy\u0171r\u0171 50cc 4200 ft Dong\u00f3 motor 50cc dugatty\u00fa-gy\u0171r\u0171 2000 ft Dong\u00f3 motor 50cc henger dugatty\u00fa-gy\u0171r\u0171\u00a0 csapszeg\u00a0 15000 ft Dong\u00f3 motor 50cc hengerfej 4200 ft<\/p>\n","protected":false},"author":1,"featured_media":0,"parent":0,"menu_order":0,"comment_status":"closed","ping_status":"closed","template":"","meta":{"footnotes":""},"class_list":["post-1317","page","type-page","status-publish","hentry"],"_links":{"self":[{"href":"https:\/\/dongo-motor-alkatresz.hu\/index.php?rest_route=\/wp\/v2\/pages\/1317","targetHints":{"allow":["GET"]}}],"collection":[{"href":"https:\/\/dongo-motor-alkatresz.hu\/index.php?rest_route=\/wp\/v2\/pages"}],"about":[{"href":"https:\/\/dongo-motor-alkatresz.hu\/index.php?rest_route=\/wp\/v2\/types\/page"}],"author":[{"embeddable":true,"href":"https:\/\/dongo-motor-alkatresz.hu\/index.php?rest_route=\/wp\/v2\/users\/1"}],"replies":[{"embeddable":true,"href":"https:\/\/dongo-motor-alkatresz.hu\/index.php?rest_route=%2Fwp%2Fv2%2Fcomments&post=1317"}],"version-history":[{"count":17,"href":"https:\/\/dongo-motor-alkatresz.hu\/index.php?rest_route=\/wp\/v2\/pages\/1317\/revisions"}],"predecessor-version":[{"id":17268,"href":"https:\/\/dongo-motor-alkatresz.hu\/index.php?rest_route=\/wp\/v2\/pages\/1317\/revisions\/17268"}],"wp:attachment":[{"href":"https:\/\/dongo-motor-alkatresz.hu\/index.php?rest_route=%2Fwp%2Fv2%2Fmedia&parent=1317"}],"curies":[{"name":"wp","href":"https:\/\/api.w.org\/{rel}","templated":true}]}}