{"id":1342,"date":"2021-05-09T16:31:58","date_gmt":"2021-05-09T16:31:58","guid":{"rendered":"http:\/\/dongo-motor-alkatresz.hu\/?page_id=1342"},"modified":"2025-02-08T08:48:36","modified_gmt":"2025-02-08T08:48:36","slug":"dongo-motor-fotengely","status":"publish","type":"page","link":"https:\/\/dongo-motor-alkatresz.hu\/?page_id=1342","title":{"rendered":"Dong\u00f3 motor f\u0151tengely"},"content":{"rendered":"\n<h2 class=\"wp-block-heading\">&nbsp;<\/h2>\n\n\n\n<h2 class=\"wp-block-heading\">&nbsp;<\/h2>\n\n\n\n<h2 class=\"wp-block-heading\">Dong\u00f3 motor f\u0151tengely 12500 ft<\/h2>\r\n<p>Jelenleg nincs rakt\u00e1ron <\/p>\n\n\n\n<figure class=\"wp-block-image size-large\"><img loading=\"lazy\" decoding=\"async\" width=\"1300\" height=\"1300\" src=\"http:\/\/dongo-motor-alkatresz.hu\/wp-content\/uploads\/2021\/05\/f\u0151tengely-2.jpg\" alt=\"\" class=\"wp-image-1343\" srcset=\"https:\/\/dongo-motor-alkatresz.hu\/wp-content\/uploads\/2021\/05\/f\u0151tengely-2.jpg 1300w, https:\/\/dongo-motor-alkatresz.hu\/wp-content\/uploads\/2021\/05\/f\u0151tengely-2-150x150.jpg 150w, https:\/\/dongo-motor-alkatresz.hu\/wp-content\/uploads\/2021\/05\/f\u0151tengely-2-768x768.jpg 768w\" sizes=\"auto, (max-width: 1300px) 100vw, 1300px\" \/><\/figure>\n\n\n\n<h2 class=\"wp-block-heading\">Dong\u00f3 motor f\u0151tengely t\u0171g\u00f6rg\u0151 1500 ft<\/h2>\n\n\n\n<figure class=\"wp-block-image size-large\"><img loading=\"lazy\" decoding=\"async\" width=\"1259\" height=\"708\" src=\"http:\/\/dongo-motor-alkatresz.hu\/wp-content\/uploads\/2020\/03\/t\u00fcg\u00f6\u00f6rg\u00f33.jpg\" alt=\"\" class=\"wp-image-1045\" srcset=\"https:\/\/dongo-motor-alkatresz.hu\/wp-content\/uploads\/2020\/03\/t\u00fcg\u00f6\u00f6rg\u00f33.jpg 1259w, https:\/\/dongo-motor-alkatresz.hu\/wp-content\/uploads\/2020\/03\/t\u00fcg\u00f6\u00f6rg\u00f33-350x197.jpg 350w, https:\/\/dongo-motor-alkatresz.hu\/wp-content\/uploads\/2020\/03\/t\u00fcg\u00f6\u00f6rg\u00f33-768x432.jpg 768w\" sizes=\"auto, (max-width: 1259px) 100vw, 1259px\" \/><\/figure>\n","protected":false},"excerpt":{"rendered":"<p>&nbsp; &nbsp; Dong\u00f3 motor f\u0151tengely 12500 ft Jelenleg nincs rakt\u00e1ron Dong\u00f3 motor f\u0151tengely t\u0171g\u00f6rg\u0151 1500 ft<\/p>\n","protected":false},"author":1,"featured_media":0,"parent":0,"menu_order":0,"comment_status":"closed","ping_status":"closed","template":"","meta":{"footnotes":""},"class_list":["post-1342","page","type-page","status-publish","hentry"],"_links":{"self":[{"href":"https:\/\/dongo-motor-alkatresz.hu\/index.php?rest_route=\/wp\/v2\/pages\/1342","targetHints":{"allow":["GET"]}}],"collection":[{"href":"https:\/\/dongo-motor-alkatresz.hu\/index.php?rest_route=\/wp\/v2\/pages"}],"about":[{"href":"https:\/\/dongo-motor-alkatresz.hu\/index.php?rest_route=\/wp\/v2\/types\/page"}],"author":[{"embeddable":true,"href":"https:\/\/dongo-motor-alkatresz.hu\/index.php?rest_route=\/wp\/v2\/users\/1"}],"replies":[{"embeddable":true,"href":"https:\/\/dongo-motor-alkatresz.hu\/index.php?rest_route=%2Fwp%2Fv2%2Fcomments&post=1342"}],"version-history":[{"count":6,"href":"https:\/\/dongo-motor-alkatresz.hu\/index.php?rest_route=\/wp\/v2\/pages\/1342\/revisions"}],"predecessor-version":[{"id":17258,"href":"https:\/\/dongo-motor-alkatresz.hu\/index.php?rest_route=\/wp\/v2\/pages\/1342\/revisions\/17258"}],"wp:attachment":[{"href":"https:\/\/dongo-motor-alkatresz.hu\/index.php?rest_route=%2Fwp%2Fv2%2Fmedia&parent=1342"}],"curies":[{"name":"wp","href":"https:\/\/api.w.org\/{rel}","templated":true}]}}