{"id":1357,"date":"2021-05-09T16:38:11","date_gmt":"2021-05-09T16:38:11","guid":{"rendered":"http:\/\/dongo-motor-alkatresz.hu\/?page_id=1357"},"modified":"2025-02-08T08:45:27","modified_gmt":"2025-02-08T08:45:27","slug":"gyujtas-elektronika-cdi","status":"publish","type":"page","link":"https:\/\/dongo-motor-alkatresz.hu\/?page_id=1357","title":{"rendered":"Gy\u00fajt\u00e1s &#8211; elektronika (cdi)"},"content":{"rendered":"\n<h2 class=\"wp-block-heading\">&nbsp;<\/h2>\n\n\n\n<h2 class=\"wp-block-heading\">&nbsp;<\/h2>\n\n\n\n<h2 class=\"wp-block-heading\"><strong>Dong\u00f3 motor tekercs&nbsp;&nbsp;4500ft<\/strong><\/h2>\n\n\n\n<figure class=\"wp-block-image size-large\"><img loading=\"lazy\" decoding=\"async\" width=\"1110\" height=\"1110\" src=\"http:\/\/dongo-motor-alkatresz.hu\/wp-content\/uploads\/2021\/05\/tekercs-hirdetni.jpg\" alt=\"\" class=\"wp-image-1363\" srcset=\"https:\/\/dongo-motor-alkatresz.hu\/wp-content\/uploads\/2021\/05\/tekercs-hirdetni.jpg 1110w, https:\/\/dongo-motor-alkatresz.hu\/wp-content\/uploads\/2021\/05\/tekercs-hirdetni-150x150.jpg 150w, https:\/\/dongo-motor-alkatresz.hu\/wp-content\/uploads\/2021\/05\/tekercs-hirdetni-768x768.jpg 768w\" sizes=\"auto, (max-width: 1110px) 100vw, 1110px\" \/><\/figure>\n\n\n\n<h2 class=\"wp-block-heading\"><strong>Dong\u00f3 motor Cdi&nbsp;&nbsp;4500ft<\/strong><\/h2>\n\n\n\n<figure class=\"wp-block-image size-large\"><img loading=\"lazy\" decoding=\"async\" width=\"1300\" height=\"1300\" src=\"http:\/\/dongo-motor-alkatresz.hu\/wp-content\/uploads\/2021\/05\/cdiii.jpg\" alt=\"\" class=\"wp-image-1365\" srcset=\"https:\/\/dongo-motor-alkatresz.hu\/wp-content\/uploads\/2021\/05\/cdiii.jpg 1300w, https:\/\/dongo-motor-alkatresz.hu\/wp-content\/uploads\/2021\/05\/cdiii-150x150.jpg 150w, https:\/\/dongo-motor-alkatresz.hu\/wp-content\/uploads\/2021\/05\/cdiii-768x768.jpg 768w\" sizes=\"auto, (max-width: 1300px) 100vw, 1300px\" \/><\/figure>\n\n\n\n<h2 class=\"wp-block-heading\"><strong>Dong\u00f3&nbsp;motor&nbsp;le\u00e1ll\u00edt\u00f3&nbsp;kapcsol\u00f3&nbsp;1500&nbsp;ft<\/strong><\/h2>\n\n\n\n<figure class=\"wp-block-image size-large\"><img loading=\"lazy\" decoding=\"async\" width=\"1300\" height=\"1300\" src=\"http:\/\/dongo-motor-alkatresz.hu\/wp-content\/uploads\/2020\/03\/le\u00e1llit\u00f3-kapcs.jpg\" alt=\"\" class=\"wp-image-1095\" srcset=\"https:\/\/dongo-motor-alkatresz.hu\/wp-content\/uploads\/2020\/03\/le\u00e1llit\u00f3-kapcs.jpg 1300w, https:\/\/dongo-motor-alkatresz.hu\/wp-content\/uploads\/2020\/03\/le\u00e1llit\u00f3-kapcs-150x150.jpg 150w, https:\/\/dongo-motor-alkatresz.hu\/wp-content\/uploads\/2020\/03\/le\u00e1llit\u00f3-kapcs-768x768.jpg 768w\" sizes=\"auto, (max-width: 1300px) 100vw, 1300px\" \/><\/figure>\n\n\n\n<h2 class=\"wp-block-heading\">Dong\u00f3 motor m\u00e1gnes \u201cjelad\u00f3\u201d 4600 ft<\/h2>\n\n\n\n<figure class=\"wp-block-image size-large\"><img loading=\"lazy\" decoding=\"async\" width=\"1300\" height=\"1300\" src=\"http:\/\/dongo-motor-alkatresz.hu\/wp-content\/uploads\/2020\/03\/m\u00e1gnees-hirdetni.jpg\" alt=\"\" class=\"wp-image-928\" srcset=\"https:\/\/dongo-motor-alkatresz.hu\/wp-content\/uploads\/2020\/03\/m\u00e1gnees-hirdetni.jpg 1300w, https:\/\/dongo-motor-alkatresz.hu\/wp-content\/uploads\/2020\/03\/m\u00e1gnees-hirdetni-200x200.jpg 200w, https:\/\/dongo-motor-alkatresz.hu\/wp-content\/uploads\/2020\/03\/m\u00e1gnees-hirdetni-100x100.jpg 100w, https:\/\/dongo-motor-alkatresz.hu\/wp-content\/uploads\/2020\/03\/m\u00e1gnees-hirdetni-350x350.jpg 350w, https:\/\/dongo-motor-alkatresz.hu\/wp-content\/uploads\/2020\/03\/m\u00e1gnees-hirdetni-150x150.jpg 150w, https:\/\/dongo-motor-alkatresz.hu\/wp-content\/uploads\/2020\/03\/m\u00e1gnees-hirdetni-768x768.jpg 768w\" sizes=\"auto, (max-width: 1300px) 100vw, 1300px\" \/><\/figure>\n\n\n\n<h2 class=\"wp-block-heading\">Dong\u00f3 motor gyertya ( gy\u00e1ri ) 1000 ft<\/h2>\n\n\n\n<figure class=\"wp-block-gallery has-nested-images columns-default is-cropped wp-block-gallery-1 is-layout-flex wp-block-gallery-is-layout-flex\">\n<figure class=\"wp-block-image size-large\"><img loading=\"lazy\" decoding=\"async\" width=\"1000\" height=\"1000\" data-id=\"17255\" src=\"http:\/\/dongo-motor-alkatresz.hu\/wp-content\/uploads\/2025\/02\/gyetya.jpg\" alt=\"\" class=\"wp-image-17255\" srcset=\"https:\/\/dongo-motor-alkatresz.hu\/wp-content\/uploads\/2025\/02\/gyetya.jpg 1000w, https:\/\/dongo-motor-alkatresz.hu\/wp-content\/uploads\/2025\/02\/gyetya-150x150.jpg 150w, https:\/\/dongo-motor-alkatresz.hu\/wp-content\/uploads\/2025\/02\/gyetya-768x768.jpg 768w\" sizes=\"auto, (max-width: 1000px) 100vw, 1000px\" \/><\/figure>\n<\/figure>\n","protected":false},"excerpt":{"rendered":"<p>&nbsp; &nbsp; Dong\u00f3 motor tekercs&nbsp;&nbsp;4500ft Dong\u00f3 motor Cdi&nbsp;&nbsp;4500ft Dong\u00f3&nbsp;motor&nbsp;le\u00e1ll\u00edt\u00f3&nbsp;kapcsol\u00f3&nbsp;1500&nbsp;ft Dong\u00f3 motor m\u00e1gnes \u201cjelad\u00f3\u201d 4600 ft Dong\u00f3 motor gyertya ( gy\u00e1ri ) 1000 ft<\/p>\n","protected":false},"author":1,"featured_media":0,"parent":0,"menu_order":0,"comment_status":"closed","ping_status":"closed","template":"","meta":{"footnotes":""},"class_list":["post-1357","page","type-page","status-publish","hentry"],"_links":{"self":[{"href":"https:\/\/dongo-motor-alkatresz.hu\/index.php?rest_route=\/wp\/v2\/pages\/1357","targetHints":{"allow":["GET"]}}],"collection":[{"href":"https:\/\/dongo-motor-alkatresz.hu\/index.php?rest_route=\/wp\/v2\/pages"}],"about":[{"href":"https:\/\/dongo-motor-alkatresz.hu\/index.php?rest_route=\/wp\/v2\/types\/page"}],"author":[{"embeddable":true,"href":"https:\/\/dongo-motor-alkatresz.hu\/index.php?rest_route=\/wp\/v2\/users\/1"}],"replies":[{"embeddable":true,"href":"https:\/\/dongo-motor-alkatresz.hu\/index.php?rest_route=%2Fwp%2Fv2%2Fcomments&post=1357"}],"version-history":[{"count":9,"href":"https:\/\/dongo-motor-alkatresz.hu\/index.php?rest_route=\/wp\/v2\/pages\/1357\/revisions"}],"predecessor-version":[{"id":17256,"href":"https:\/\/dongo-motor-alkatresz.hu\/index.php?rest_route=\/wp\/v2\/pages\/1357\/revisions\/17256"}],"wp:attachment":[{"href":"https:\/\/dongo-motor-alkatresz.hu\/index.php?rest_route=%2Fwp%2Fv2%2Fmedia&parent=1357"}],"curies":[{"name":"wp","href":"https:\/\/api.w.org\/{rel}","templated":true}]}}