{"id":1386,"date":"2021-05-09T17:08:51","date_gmt":"2021-05-09T17:08:51","guid":{"rendered":"http:\/\/dongo-motor-alkatresz.hu\/?page_id=1386"},"modified":"2021-05-09T17:12:23","modified_gmt":"2021-05-09T17:12:23","slug":"dongo-motor-kiegeszitok","status":"publish","type":"page","link":"https:\/\/dongo-motor-alkatresz.hu\/?page_id=1386","title":{"rendered":"Dong\u00f3 motor kieg\u00e9szit\u0151k"},"content":{"rendered":"\n<h2 class=\"wp-block-heading\"><\/h2>\n\n\n\n<h2 class=\"wp-block-heading\"><\/h2>\n\n\n\n<h2 class=\"wp-block-heading\"><\/h2>\n\n\n\n<h2 class=\"wp-block-heading\">Dong\u00f3 motor jav\u00edt\u00f3 &#8221; szerel\u0151 &#8221; csavar 1000 ft<\/h2>\n\n\n\n<figure class=\"wp-block-image size-large\"><img loading=\"lazy\" decoding=\"async\" width=\"500\" height=\"500\" src=\"http:\/\/dongo-motor-alkatresz.hu\/wp-content\/uploads\/2020\/03\/12-2.jpg\" alt=\"\" class=\"wp-image-992\" srcset=\"https:\/\/dongo-motor-alkatresz.hu\/wp-content\/uploads\/2020\/03\/12-2.jpg 500w, https:\/\/dongo-motor-alkatresz.hu\/wp-content\/uploads\/2020\/03\/12-2-200x200.jpg 200w, https:\/\/dongo-motor-alkatresz.hu\/wp-content\/uploads\/2020\/03\/12-2-100x100.jpg 100w, https:\/\/dongo-motor-alkatresz.hu\/wp-content\/uploads\/2020\/03\/12-2-350x350.jpg 350w, https:\/\/dongo-motor-alkatresz.hu\/wp-content\/uploads\/2020\/03\/12-2-150x150.jpg 150w\" sizes=\"auto, (max-width: 500px) 100vw, 500px\" \/><\/figure>\n\n\n\n<h2 class=\"wp-block-heading\">Dong\u00f3 motor \u201cU\u201d alak\u00fa blokk felfogat\u00f3&nbsp;<strong>bilincs&nbsp;&nbsp;&nbsp;1000&nbsp;ft<\/strong><\/h2>\n\n\n\n<figure class=\"wp-block-image size-large\"><img loading=\"lazy\" decoding=\"async\" width=\"1024\" height=\"1024\" src=\"http:\/\/dongo-motor-alkatresz.hu\/wp-content\/uploads\/2020\/03\/u-felfogat\u00f3\u00f3\u00f3.jpg\" alt=\"\" class=\"wp-image-1012\" srcset=\"https:\/\/dongo-motor-alkatresz.hu\/wp-content\/uploads\/2020\/03\/u-felfogat\u00f3\u00f3\u00f3.jpg 1024w, https:\/\/dongo-motor-alkatresz.hu\/wp-content\/uploads\/2020\/03\/u-felfogat\u00f3\u00f3\u00f3-200x200.jpg 200w, https:\/\/dongo-motor-alkatresz.hu\/wp-content\/uploads\/2020\/03\/u-felfogat\u00f3\u00f3\u00f3-100x100.jpg 100w, https:\/\/dongo-motor-alkatresz.hu\/wp-content\/uploads\/2020\/03\/u-felfogat\u00f3\u00f3\u00f3-350x350.jpg 350w, https:\/\/dongo-motor-alkatresz.hu\/wp-content\/uploads\/2020\/03\/u-felfogat\u00f3\u00f3\u00f3-150x150.jpg 150w, https:\/\/dongo-motor-alkatresz.hu\/wp-content\/uploads\/2020\/03\/u-felfogat\u00f3\u00f3\u00f3-768x768.jpg 768w\" sizes=\"auto, (max-width: 1024px) 100vw, 1024px\" \/><\/figure>\n\n\n\n<h2 class=\"wp-block-heading\">Dong\u00f3 motor blokk r\u00f6gz\u00edt\u0151 konzol 1500ft<\/h2>\n\n\n\n<figure class=\"wp-block-image size-large\"><img loading=\"lazy\" decoding=\"async\" width=\"1000\" height=\"1000\" src=\"http:\/\/dongo-motor-alkatresz.hu\/wp-content\/uploads\/2020\/03\/konzol-felfogat\u00f3.jpg\" alt=\"\" class=\"wp-image-1031\" srcset=\"https:\/\/dongo-motor-alkatresz.hu\/wp-content\/uploads\/2020\/03\/konzol-felfogat\u00f3.jpg 1000w, https:\/\/dongo-motor-alkatresz.hu\/wp-content\/uploads\/2020\/03\/konzol-felfogat\u00f3-200x200.jpg 200w, https:\/\/dongo-motor-alkatresz.hu\/wp-content\/uploads\/2020\/03\/konzol-felfogat\u00f3-100x100.jpg 100w, https:\/\/dongo-motor-alkatresz.hu\/wp-content\/uploads\/2020\/03\/konzol-felfogat\u00f3-350x350.jpg 350w, https:\/\/dongo-motor-alkatresz.hu\/wp-content\/uploads\/2020\/03\/konzol-felfogat\u00f3-150x150.jpg 150w, https:\/\/dongo-motor-alkatresz.hu\/wp-content\/uploads\/2020\/03\/konzol-felfogat\u00f3-768x768.jpg 768w\" sizes=\"auto, (max-width: 1000px) 100vw, 1000px\" \/><\/figure>\n","protected":false},"excerpt":{"rendered":"<p>Dong\u00f3 motor jav\u00edt\u00f3 &#8221; szerel\u0151 &#8221; csavar 1000 ft Dong\u00f3 motor \u201cU\u201d alak\u00fa blokk felfogat\u00f3&nbsp;bilincs&nbsp;&nbsp;&nbsp;1000&nbsp;ft Dong\u00f3 motor blokk r\u00f6gz\u00edt\u0151 konzol 1500ft<\/p>\n","protected":false},"author":1,"featured_media":0,"parent":0,"menu_order":0,"comment_status":"closed","ping_status":"closed","template":"","meta":{"footnotes":""},"class_list":["post-1386","page","type-page","status-publish","hentry"],"_links":{"self":[{"href":"https:\/\/dongo-motor-alkatresz.hu\/index.php?rest_route=\/wp\/v2\/pages\/1386","targetHints":{"allow":["GET"]}}],"collection":[{"href":"https:\/\/dongo-motor-alkatresz.hu\/index.php?rest_route=\/wp\/v2\/pages"}],"about":[{"href":"https:\/\/dongo-motor-alkatresz.hu\/index.php?rest_route=\/wp\/v2\/types\/page"}],"author":[{"embeddable":true,"href":"https:\/\/dongo-motor-alkatresz.hu\/index.php?rest_route=\/wp\/v2\/users\/1"}],"replies":[{"embeddable":true,"href":"https:\/\/dongo-motor-alkatresz.hu\/index.php?rest_route=%2Fwp%2Fv2%2Fcomments&post=1386"}],"version-history":[{"count":3,"href":"https:\/\/dongo-motor-alkatresz.hu\/index.php?rest_route=\/wp\/v2\/pages\/1386\/revisions"}],"predecessor-version":[{"id":1393,"href":"https:\/\/dongo-motor-alkatresz.hu\/index.php?rest_route=\/wp\/v2\/pages\/1386\/revisions\/1393"}],"wp:attachment":[{"href":"https:\/\/dongo-motor-alkatresz.hu\/index.php?rest_route=%2Fwp%2Fv2%2Fmedia&parent=1386"}],"curies":[{"name":"wp","href":"https:\/\/api.w.org\/{rel}","templated":true}]}}