{"id":714,"date":"2018-12-30T17:57:58","date_gmt":"2018-12-30T17:57:58","guid":{"rendered":"http:\/\/dongo-motor-alkatresz.hu\/?page_id=714"},"modified":"2020-06-21T17:13:26","modified_gmt":"2020-06-21T17:13:26","slug":"tudastar","status":"publish","type":"page","link":"https:\/\/dongo-motor-alkatresz.hu\/?page_id=714","title":{"rendered":"Tud\u00e1st\u00e1r"},"content":{"rendered":"\n<div style=\"height:100px\" aria-hidden=\"true\" class=\"wp-block-spacer\"><\/div>\n\n\n\n<div style=\"height:114px\" aria-hidden=\"true\" class=\"wp-block-spacer\"><\/div>\n\n\n\n<figure class=\"wp-block-gallery columns-1 is-cropped wp-block-gallery-1 is-layout-flex wp-block-gallery-is-layout-flex\"><ul class=\"blocks-gallery-grid\"><li class=\"blocks-gallery-item\"><figure><img loading=\"lazy\" decoding=\"async\" width=\"804\" height=\"286\" src=\"http:\/\/dongo-motor-alkatresz.hu\/wp-content\/uploads\/2018\/12\/benzin-olaj_keveresi_aranyok.jpg\" alt=\"\" data-id=\"726\" data-link=\"http:\/\/dongo-motor-alkatresz.hu\/tudastar\/benzin-olaj_keveresi_aranyok\/\" class=\"wp-image-726\" srcset=\"https:\/\/dongo-motor-alkatresz.hu\/wp-content\/uploads\/2018\/12\/benzin-olaj_keveresi_aranyok.jpg 804w, https:\/\/dongo-motor-alkatresz.hu\/wp-content\/uploads\/2018\/12\/benzin-olaj_keveresi_aranyok-350x125.jpg 350w, https:\/\/dongo-motor-alkatresz.hu\/wp-content\/uploads\/2018\/12\/benzin-olaj_keveresi_aranyok-768x273.jpg 768w\" sizes=\"auto, (max-width: 804px) 100vw, 804px\" \/><\/figure><\/li><\/ul><\/figure>\n\n\n\n<div style=\"height:100px\" aria-hidden=\"true\" class=\"wp-block-spacer\"><\/div>\n\n\n\n<h2 class=\"wp-block-heading\">80cc Dugatty\u00fa m\u00e9retek<\/h2>\n\n\n\n<figure class=\"wp-block-gallery columns-2 is-cropped wp-block-gallery-2 is-layout-flex wp-block-gallery-is-layout-flex\"><ul class=\"blocks-gallery-grid\"><li class=\"blocks-gallery-item\"><figure><img loading=\"lazy\" decoding=\"async\" width=\"500\" height=\"499\" src=\"http:\/\/dongo-motor-alkatresz.hu\/wp-content\/uploads\/2018\/12\/80CC-DUG\u00d3-1..jpg\" alt=\"\" data-id=\"728\" data-link=\"http:\/\/dongo-motor-alkatresz.hu\/tudastar\/80cc-dugo-1-2\/\" class=\"wp-image-728\" srcset=\"https:\/\/dongo-motor-alkatresz.hu\/wp-content\/uploads\/2018\/12\/80CC-DUG\u00d3-1..jpg 500w, https:\/\/dongo-motor-alkatresz.hu\/wp-content\/uploads\/2018\/12\/80CC-DUG\u00d3-1.-200x200.jpg 200w, https:\/\/dongo-motor-alkatresz.hu\/wp-content\/uploads\/2018\/12\/80CC-DUG\u00d3-1.-100x100.jpg 100w, https:\/\/dongo-motor-alkatresz.hu\/wp-content\/uploads\/2018\/12\/80CC-DUG\u00d3-1.-350x349.jpg 350w, https:\/\/dongo-motor-alkatresz.hu\/wp-content\/uploads\/2018\/12\/80CC-DUG\u00d3-1.-150x150.jpg 150w\" sizes=\"auto, (max-width: 500px) 100vw, 500px\" \/><\/figure><\/li><li class=\"blocks-gallery-item\"><figure><img loading=\"lazy\" decoding=\"async\" width=\"500\" height=\"500\" src=\"http:\/\/dongo-motor-alkatresz.hu\/wp-content\/uploads\/2018\/12\/80CC-DUG\u00d3-2..jpg\" alt=\"\" data-id=\"729\" data-link=\"http:\/\/dongo-motor-alkatresz.hu\/tudastar\/80cc-dugo-2-2\/\" class=\"wp-image-729\" srcset=\"https:\/\/dongo-motor-alkatresz.hu\/wp-content\/uploads\/2018\/12\/80CC-DUG\u00d3-2..jpg 500w, https:\/\/dongo-motor-alkatresz.hu\/wp-content\/uploads\/2018\/12\/80CC-DUG\u00d3-2.-200x200.jpg 200w, https:\/\/dongo-motor-alkatresz.hu\/wp-content\/uploads\/2018\/12\/80CC-DUG\u00d3-2.-100x100.jpg 100w, https:\/\/dongo-motor-alkatresz.hu\/wp-content\/uploads\/2018\/12\/80CC-DUG\u00d3-2.-350x350.jpg 350w, https:\/\/dongo-motor-alkatresz.hu\/wp-content\/uploads\/2018\/12\/80CC-DUG\u00d3-2.-150x150.jpg 150w\" sizes=\"auto, (max-width: 500px) 100vw, 500px\" \/><\/figure><\/li><\/ul><\/figure>\n\n\n\n<div style=\"height:100px\" aria-hidden=\"true\" class=\"wp-block-spacer\"><\/div>\n\n\n\n<h2 class=\"wp-block-heading\">50cc Dugatty\u00fa m\u00e9ret <\/h2>\n\n\n\n<figure class=\"wp-block-image\"><img loading=\"lazy\" decoding=\"async\" width=\"500\" height=\"500\" src=\"http:\/\/dongo-motor-alkatresz.hu\/wp-content\/uploads\/2018\/12\/dug\u00f3.jpg\" alt=\"\" class=\"wp-image-731\" srcset=\"https:\/\/dongo-motor-alkatresz.hu\/wp-content\/uploads\/2018\/12\/dug\u00f3.jpg 500w, https:\/\/dongo-motor-alkatresz.hu\/wp-content\/uploads\/2018\/12\/dug\u00f3-200x200.jpg 200w, https:\/\/dongo-motor-alkatresz.hu\/wp-content\/uploads\/2018\/12\/dug\u00f3-100x100.jpg 100w, https:\/\/dongo-motor-alkatresz.hu\/wp-content\/uploads\/2018\/12\/dug\u00f3-350x350.jpg 350w, https:\/\/dongo-motor-alkatresz.hu\/wp-content\/uploads\/2018\/12\/dug\u00f3-150x150.jpg 150w\" sizes=\"auto, (max-width: 500px) 100vw, 500px\" \/><\/figure>\n\n\n\n<h2 class=\"wp-block-heading\">Dong\u00f3 motor f\u0151tengely<\/h2>\n\n\n\n<figure class=\"wp-block-image\"><img loading=\"lazy\" decoding=\"async\" width=\"1300\" height=\"1300\" src=\"http:\/\/dongo-motor-alkatresz.hu\/wp-content\/uploads\/2019\/01\/80-cc-f\u0151tengely.jpg\" alt=\"\" class=\"wp-image-758\" srcset=\"https:\/\/dongo-motor-alkatresz.hu\/wp-content\/uploads\/2019\/01\/80-cc-f\u0151tengely.jpg 1300w, https:\/\/dongo-motor-alkatresz.hu\/wp-content\/uploads\/2019\/01\/80-cc-f\u0151tengely-200x200.jpg 200w, https:\/\/dongo-motor-alkatresz.hu\/wp-content\/uploads\/2019\/01\/80-cc-f\u0151tengely-100x100.jpg 100w, https:\/\/dongo-motor-alkatresz.hu\/wp-content\/uploads\/2019\/01\/80-cc-f\u0151tengely-350x350.jpg 350w, https:\/\/dongo-motor-alkatresz.hu\/wp-content\/uploads\/2019\/01\/80-cc-f\u0151tengely-150x150.jpg 150w, https:\/\/dongo-motor-alkatresz.hu\/wp-content\/uploads\/2019\/01\/80-cc-f\u0151tengely-768x768.jpg 768w\" sizes=\"auto, (max-width: 1300px) 100vw, 1300px\" \/><\/figure>\n\n\n\n<div style=\"height:100px\" aria-hidden=\"true\" class=\"wp-block-spacer\"><\/div>\n\n\n\n<h2 class=\"wp-block-heading\">Blokk m\u00e9retek <\/h2>\n\n\n\n<figure class=\"wp-block-image size-large\"><img loading=\"lazy\" decoding=\"async\" width=\"1300\" height=\"1300\" src=\"http:\/\/dongo-motor-alkatresz.hu\/wp-content\/uploads\/2019\/12\/blokk-m\u00e9retek.jpg\" alt=\"\" class=\"wp-image-812\" srcset=\"https:\/\/dongo-motor-alkatresz.hu\/wp-content\/uploads\/2019\/12\/blokk-m\u00e9retek.jpg 1300w, https:\/\/dongo-motor-alkatresz.hu\/wp-content\/uploads\/2019\/12\/blokk-m\u00e9retek-200x200.jpg 200w, https:\/\/dongo-motor-alkatresz.hu\/wp-content\/uploads\/2019\/12\/blokk-m\u00e9retek-100x100.jpg 100w, https:\/\/dongo-motor-alkatresz.hu\/wp-content\/uploads\/2019\/12\/blokk-m\u00e9retek-350x350.jpg 350w, https:\/\/dongo-motor-alkatresz.hu\/wp-content\/uploads\/2019\/12\/blokk-m\u00e9retek-150x150.jpg 150w, https:\/\/dongo-motor-alkatresz.hu\/wp-content\/uploads\/2019\/12\/blokk-m\u00e9retek-768x768.jpg 768w\" sizes=\"auto, (max-width: 1300px) 100vw, 1300px\" \/><\/figure>\n\n\n\n<h2 class=\"wp-block-heading\">Karbur\u00e1tor m\u00e9retek <\/h2>\n\n\n\n<figure class=\"wp-block-image size-large\"><img loading=\"lazy\" decoding=\"async\" width=\"1600\" height=\"1600\" src=\"http:\/\/dongo-motor-alkatresz.hu\/wp-content\/uploads\/2020\/03\/karbi-m\u00e9retek.jpg\" alt=\"\" class=\"wp-image-833\" srcset=\"https:\/\/dongo-motor-alkatresz.hu\/wp-content\/uploads\/2020\/03\/karbi-m\u00e9retek.jpg 1600w, https:\/\/dongo-motor-alkatresz.hu\/wp-content\/uploads\/2020\/03\/karbi-m\u00e9retek-200x200.jpg 200w, https:\/\/dongo-motor-alkatresz.hu\/wp-content\/uploads\/2020\/03\/karbi-m\u00e9retek-100x100.jpg 100w, https:\/\/dongo-motor-alkatresz.hu\/wp-content\/uploads\/2020\/03\/karbi-m\u00e9retek-350x350.jpg 350w, https:\/\/dongo-motor-alkatresz.hu\/wp-content\/uploads\/2020\/03\/karbi-m\u00e9retek-150x150.jpg 150w, https:\/\/dongo-motor-alkatresz.hu\/wp-content\/uploads\/2020\/03\/karbi-m\u00e9retek-768x768.jpg 768w, https:\/\/dongo-motor-alkatresz.hu\/wp-content\/uploads\/2020\/03\/karbi-m\u00e9retek-1536x1536.jpg 1536w\" sizes=\"auto, (max-width: 1600px) 100vw, 1600px\" \/><\/figure>\n\n\n\n<h2 class=\"wp-block-heading\"> Dong\u00f3 motor ber\u00e1nt\u00f3  <\/h2>\n\n\n\n<figure class=\"wp-block-image size-large\"><img loading=\"lazy\" decoding=\"async\" width=\"1024\" height=\"1024\" src=\"http:\/\/dongo-motor-alkatresz.hu\/wp-content\/uploads\/2020\/03\/ber\u00e1nt\u00f3-m\u00e9retek.jpg\" alt=\"\" class=\"wp-image-858\" srcset=\"https:\/\/dongo-motor-alkatresz.hu\/wp-content\/uploads\/2020\/03\/ber\u00e1nt\u00f3-m\u00e9retek.jpg 1024w, https:\/\/dongo-motor-alkatresz.hu\/wp-content\/uploads\/2020\/03\/ber\u00e1nt\u00f3-m\u00e9retek-200x200.jpg 200w, https:\/\/dongo-motor-alkatresz.hu\/wp-content\/uploads\/2020\/03\/ber\u00e1nt\u00f3-m\u00e9retek-100x100.jpg 100w, https:\/\/dongo-motor-alkatresz.hu\/wp-content\/uploads\/2020\/03\/ber\u00e1nt\u00f3-m\u00e9retek-350x350.jpg 350w, https:\/\/dongo-motor-alkatresz.hu\/wp-content\/uploads\/2020\/03\/ber\u00e1nt\u00f3-m\u00e9retek-150x150.jpg 150w, https:\/\/dongo-motor-alkatresz.hu\/wp-content\/uploads\/2020\/03\/ber\u00e1nt\u00f3-m\u00e9retek-768x768.jpg 768w\" sizes=\"auto, (max-width: 1024px) 100vw, 1024px\" \/><\/figure>\n\n\n\n<h2 class=\"wp-block-heading\"> Benzin tank <\/h2>\n\n\n\n<figure class=\"wp-block-image size-large\"><img loading=\"lazy\" decoding=\"async\" width=\"1200\" height=\"1200\" src=\"http:\/\/dongo-motor-alkatresz.hu\/wp-content\/uploads\/2020\/03\/s-l1600-14.jpg\" alt=\"\" class=\"wp-image-863\" srcset=\"https:\/\/dongo-motor-alkatresz.hu\/wp-content\/uploads\/2020\/03\/s-l1600-14.jpg 1200w, https:\/\/dongo-motor-alkatresz.hu\/wp-content\/uploads\/2020\/03\/s-l1600-14-200x200.jpg 200w, https:\/\/dongo-motor-alkatresz.hu\/wp-content\/uploads\/2020\/03\/s-l1600-14-100x100.jpg 100w, https:\/\/dongo-motor-alkatresz.hu\/wp-content\/uploads\/2020\/03\/s-l1600-14-350x350.jpg 350w, https:\/\/dongo-motor-alkatresz.hu\/wp-content\/uploads\/2020\/03\/s-l1600-14-150x150.jpg 150w, https:\/\/dongo-motor-alkatresz.hu\/wp-content\/uploads\/2020\/03\/s-l1600-14-768x768.jpg 768w\" sizes=\"auto, (max-width: 1200px) 100vw, 1200px\" \/><\/figure>\n\n\n\n<h2 class=\"wp-block-heading\">Dong\u00f3 motor kis l\u00e1ncker\u00e9k <\/h2>\n\n\n\n<figure class=\"wp-block-image size-large\"><img loading=\"lazy\" decoding=\"async\" width=\"1024\" height=\"1024\" src=\"http:\/\/dongo-motor-alkatresz.hu\/wp-content\/uploads\/2020\/03\/57-2.jpg\" alt=\"\" class=\"wp-image-869\" srcset=\"https:\/\/dongo-motor-alkatresz.hu\/wp-content\/uploads\/2020\/03\/57-2.jpg 1024w, https:\/\/dongo-motor-alkatresz.hu\/wp-content\/uploads\/2020\/03\/57-2-200x200.jpg 200w, https:\/\/dongo-motor-alkatresz.hu\/wp-content\/uploads\/2020\/03\/57-2-100x100.jpg 100w, https:\/\/dongo-motor-alkatresz.hu\/wp-content\/uploads\/2020\/03\/57-2-350x350.jpg 350w, https:\/\/dongo-motor-alkatresz.hu\/wp-content\/uploads\/2020\/03\/57-2-150x150.jpg 150w, https:\/\/dongo-motor-alkatresz.hu\/wp-content\/uploads\/2020\/03\/57-2-768x768.jpg 768w\" sizes=\"auto, (max-width: 1024px) 100vw, 1024px\" \/><\/figure>\n\n\n\n<h2 class=\"wp-block-heading\">Dong\u00f3 motor nagy l\u00e1ncker\u00e9k <\/h2>\n\n\n\n<figure class=\"wp-block-image size-large\"><img loading=\"lazy\" decoding=\"async\" width=\"500\" height=\"500\" src=\"http:\/\/dongo-motor-alkatresz.hu\/wp-content\/uploads\/2020\/03\/s-l500.jpg\" alt=\"\" class=\"wp-image-900\" srcset=\"https:\/\/dongo-motor-alkatresz.hu\/wp-content\/uploads\/2020\/03\/s-l500.jpg 500w, https:\/\/dongo-motor-alkatresz.hu\/wp-content\/uploads\/2020\/03\/s-l500-200x200.jpg 200w, https:\/\/dongo-motor-alkatresz.hu\/wp-content\/uploads\/2020\/03\/s-l500-100x100.jpg 100w, https:\/\/dongo-motor-alkatresz.hu\/wp-content\/uploads\/2020\/03\/s-l500-350x350.jpg 350w, https:\/\/dongo-motor-alkatresz.hu\/wp-content\/uploads\/2020\/03\/s-l500-150x150.jpg 150w\" sizes=\"auto, (max-width: 500px) 100vw, 500px\" \/><\/figure>\n\n\n\n<h2 class=\"wp-block-heading\">Dong\u00f3 motor sport karbur\u00e1tor <\/h2>\n\n\n\n<figure class=\"wp-block-image size-large\"><img loading=\"lazy\" decoding=\"async\" width=\"1000\" height=\"1000\" src=\"http:\/\/dongo-motor-alkatresz.hu\/wp-content\/uploads\/2020\/03\/sport-karur\u00e1tor-3.jpg\" alt=\"\" class=\"wp-image-902\" srcset=\"https:\/\/dongo-motor-alkatresz.hu\/wp-content\/uploads\/2020\/03\/sport-karur\u00e1tor-3.jpg 1000w, https:\/\/dongo-motor-alkatresz.hu\/wp-content\/uploads\/2020\/03\/sport-karur\u00e1tor-3-200x200.jpg 200w, https:\/\/dongo-motor-alkatresz.hu\/wp-content\/uploads\/2020\/03\/sport-karur\u00e1tor-3-100x100.jpg 100w, https:\/\/dongo-motor-alkatresz.hu\/wp-content\/uploads\/2020\/03\/sport-karur\u00e1tor-3-350x350.jpg 350w, https:\/\/dongo-motor-alkatresz.hu\/wp-content\/uploads\/2020\/03\/sport-karur\u00e1tor-3-150x150.jpg 150w, https:\/\/dongo-motor-alkatresz.hu\/wp-content\/uploads\/2020\/03\/sport-karur\u00e1tor-3-768x768.jpg 768w\" sizes=\"auto, (max-width: 1000px) 100vw, 1000px\" \/><\/figure>\n\n\n\n<h2 class=\"wp-block-heading\">Dong\u00f3 motor l\u00e1ncfesz\u00edt\u0151<\/h2>\n\n\n\n<figure class=\"wp-block-image size-large\"><img loading=\"lazy\" decoding=\"async\" width=\"1024\" height=\"1024\" src=\"http:\/\/dongo-motor-alkatresz.hu\/wp-content\/uploads\/2020\/03\/L\u00e1ncfesz\u00edt\u0151.-m\u00e9ret.jpg\" alt=\"\" class=\"wp-image-908\" srcset=\"https:\/\/dongo-motor-alkatresz.hu\/wp-content\/uploads\/2020\/03\/L\u00e1ncfesz\u00edt\u0151.-m\u00e9ret.jpg 1024w, https:\/\/dongo-motor-alkatresz.hu\/wp-content\/uploads\/2020\/03\/L\u00e1ncfesz\u00edt\u0151.-m\u00e9ret-200x200.jpg 200w, https:\/\/dongo-motor-alkatresz.hu\/wp-content\/uploads\/2020\/03\/L\u00e1ncfesz\u00edt\u0151.-m\u00e9ret-100x100.jpg 100w, https:\/\/dongo-motor-alkatresz.hu\/wp-content\/uploads\/2020\/03\/L\u00e1ncfesz\u00edt\u0151.-m\u00e9ret-350x350.jpg 350w, https:\/\/dongo-motor-alkatresz.hu\/wp-content\/uploads\/2020\/03\/L\u00e1ncfesz\u00edt\u0151.-m\u00e9ret-150x150.jpg 150w, https:\/\/dongo-motor-alkatresz.hu\/wp-content\/uploads\/2020\/03\/L\u00e1ncfesz\u00edt\u0151.-m\u00e9ret-768x768.jpg 768w\" sizes=\"auto, (max-width: 1024px) 100vw, 1024px\" \/><\/figure>\n\n\n\n<h2 class=\"wp-block-heading\">Dong\u00f3 motor kuplung kiemel\u0151 <\/h2>\n\n\n\n<figure class=\"wp-block-gallery columns-2 is-cropped wp-block-gallery-3 is-layout-flex wp-block-gallery-is-layout-flex\"><ul class=\"blocks-gallery-grid\"><li class=\"blocks-gallery-item\"><figure><img loading=\"lazy\" decoding=\"async\" width=\"1300\" height=\"1300\" src=\"http:\/\/dongo-motor-alkatresz.hu\/wp-content\/uploads\/2020\/03\/kiemel\u0151-m\u00e9ret.jpg\" alt=\"\" data-id=\"1129\" class=\"wp-image-1129\" srcset=\"https:\/\/dongo-motor-alkatresz.hu\/wp-content\/uploads\/2020\/03\/kiemel\u0151-m\u00e9ret.jpg 1300w, https:\/\/dongo-motor-alkatresz.hu\/wp-content\/uploads\/2020\/03\/kiemel\u0151-m\u00e9ret-150x150.jpg 150w, https:\/\/dongo-motor-alkatresz.hu\/wp-content\/uploads\/2020\/03\/kiemel\u0151-m\u00e9ret-768x768.jpg 768w\" sizes=\"auto, (max-width: 1300px) 100vw, 1300px\" \/><\/figure><\/li><li class=\"blocks-gallery-item\"><figure><img loading=\"lazy\" decoding=\"async\" width=\"1300\" height=\"1300\" src=\"http:\/\/dongo-motor-alkatresz.hu\/wp-content\/uploads\/2020\/03\/kiemel\u0151-m\u00e9ret2..jpg\" alt=\"\" data-id=\"1130\" data-full-url=\"http:\/\/dongo-motor-alkatresz.hu\/wp-content\/uploads\/2020\/03\/kiemel\u0151-m\u00e9ret2..jpg\" data-link=\"http:\/\/dongo-motor-alkatresz.hu\/tudastar\/kiemelo-meret2\/\" class=\"wp-image-1130\" srcset=\"https:\/\/dongo-motor-alkatresz.hu\/wp-content\/uploads\/2020\/03\/kiemel\u0151-m\u00e9ret2..jpg 1300w, https:\/\/dongo-motor-alkatresz.hu\/wp-content\/uploads\/2020\/03\/kiemel\u0151-m\u00e9ret2.-150x150.jpg 150w, https:\/\/dongo-motor-alkatresz.hu\/wp-content\/uploads\/2020\/03\/kiemel\u0151-m\u00e9ret2.-768x768.jpg 768w\" sizes=\"auto, (max-width: 1300px) 100vw, 1300px\" \/><\/figure><\/li><\/ul><\/figure>\n\n\n\n<h2 class=\"wp-block-heading\">Dong\u00f3 motor t\u00fcske+ goly\u00f3 <\/h2>\n\n\n\n<figure class=\"wp-block-gallery columns-1 is-cropped wp-block-gallery-4 is-layout-flex wp-block-gallery-is-layout-flex\"><ul class=\"blocks-gallery-grid\"><li class=\"blocks-gallery-item\"><figure><img loading=\"lazy\" decoding=\"async\" width=\"1300\" height=\"1300\" src=\"http:\/\/dongo-motor-alkatresz.hu\/wp-content\/uploads\/2020\/06\/t\u00fcske-m\u00e9ret.jpg\" alt=\"\" data-id=\"1151\" data-full-url=\"http:\/\/dongo-motor-alkatresz.hu\/wp-content\/uploads\/2020\/06\/t\u00fcske-m\u00e9ret.jpg\" data-link=\"http:\/\/dongo-motor-alkatresz.hu\/tudastar\/tuske-meret-2\/\" class=\"wp-image-1151\" srcset=\"https:\/\/dongo-motor-alkatresz.hu\/wp-content\/uploads\/2020\/06\/t\u00fcske-m\u00e9ret.jpg 1300w, https:\/\/dongo-motor-alkatresz.hu\/wp-content\/uploads\/2020\/06\/t\u00fcske-m\u00e9ret-150x150.jpg 150w, https:\/\/dongo-motor-alkatresz.hu\/wp-content\/uploads\/2020\/06\/t\u00fcske-m\u00e9ret-768x768.jpg 768w\" sizes=\"auto, (max-width: 1300px) 100vw, 1300px\" \/><\/figure><\/li><\/ul><\/figure>\n","protected":false},"excerpt":{"rendered":"<p>80cc Dugatty\u00fa m\u00e9retek 50cc Dugatty\u00fa m\u00e9ret Dong\u00f3 motor f\u0151tengely Blokk m\u00e9retek Karbur\u00e1tor m\u00e9retek Dong\u00f3 motor ber\u00e1nt\u00f3 Benzin tank Dong\u00f3 motor kis l\u00e1ncker\u00e9k Dong\u00f3 motor nagy l\u00e1ncker\u00e9k Dong\u00f3 motor sport karbur\u00e1tor Dong\u00f3 motor l\u00e1ncfesz\u00edt\u0151 Dong\u00f3 motor kuplung kiemel\u0151 Dong\u00f3 motor t\u00fcske+ goly\u00f3<\/p>\n","protected":false},"author":1,"featured_media":0,"parent":0,"menu_order":0,"comment_status":"closed","ping_status":"closed","template":"","meta":{"footnotes":""},"class_list":["post-714","page","type-page","status-publish","hentry"],"_links":{"self":[{"href":"https:\/\/dongo-motor-alkatresz.hu\/index.php?rest_route=\/wp\/v2\/pages\/714","targetHints":{"allow":["GET"]}}],"collection":[{"href":"https:\/\/dongo-motor-alkatresz.hu\/index.php?rest_route=\/wp\/v2\/pages"}],"about":[{"href":"https:\/\/dongo-motor-alkatresz.hu\/index.php?rest_route=\/wp\/v2\/types\/page"}],"author":[{"embeddable":true,"href":"https:\/\/dongo-motor-alkatresz.hu\/index.php?rest_route=\/wp\/v2\/users\/1"}],"replies":[{"embeddable":true,"href":"https:\/\/dongo-motor-alkatresz.hu\/index.php?rest_route=%2Fwp%2Fv2%2Fcomments&post=714"}],"version-history":[{"count":18,"href":"https:\/\/dongo-motor-alkatresz.hu\/index.php?rest_route=\/wp\/v2\/pages\/714\/revisions"}],"predecessor-version":[{"id":1152,"href":"https:\/\/dongo-motor-alkatresz.hu\/index.php?rest_route=\/wp\/v2\/pages\/714\/revisions\/1152"}],"wp:attachment":[{"href":"https:\/\/dongo-motor-alkatresz.hu\/index.php?rest_route=%2Fwp%2Fv2%2Fmedia&parent=714"}],"curies":[{"name":"wp","href":"https:\/\/api.w.org\/{rel}","templated":true}]}}